{"id":161,"date":"2025-02-12T09:50:32","date_gmt":"2025-02-12T09:50:32","guid":{"rendered":"https:\/\/awwwstore.com\/about\/"},"modified":"2025-04-14T16:59:05","modified_gmt":"2025-04-14T08:59:05","slug":"about","status":"publish","type":"page","link":"https:\/\/awwwstore.com\/es\/about\/","title":{"rendered":"Acerca de"},"content":{"rendered":"<div class=\"wp-block-uagb-container uagb-layout-grid uagb-block-861c71f8 alignfull uagb-is-root-container\"><div class=\"uagb-container-inner-blocks-wrap\">\n<div class=\"wp-block-uagb-advanced-heading uagb-block-269a3267\"><h1 class=\"uagb-heading-text\">Ayudar a los empresarios a hacer realidad sus sue\u00f1os<\/h1><\/div>\n\n\n\n<div class=\"wp-block-uagb-image uagb-block-cc953da3 wp-block-uagb-image--layout-default wp-block-uagb-image--effect-static wp-block-uagb-image--align-none\"><figure class=\"wp-block-uagb-image__figure\"><img decoding=\"async\" srcset=\"https:\/\/awwwstore.com\/wp-content\/uploads\/2025\/02\/pexels-photo-3184419.jpeg ,https:\/\/awwwstore.com\/wp-content\/uploads\/2025\/02\/pexels-photo-3184419.jpeg 780w, https:\/\/awwwstore.com\/wp-content\/uploads\/2025\/02\/pexels-photo-3184419.jpeg 360w\" sizes=\"auto, (max-width: 480px) 150px\" src=\"https:\/\/awwwstore.com\/wp-content\/uploads\/2025\/02\/pexels-photo-3184419.jpeg\" alt=\"\" class=\"uag-image-55\" width=\"800\" height=\"500\" title=\"sobre-bg\" loading=\"lazy\" role=\"img\"\/><\/figure><\/div>\n<\/div><\/div>\n\n\n\n<div class=\"wp-block-uagb-container uagb-block-8af37a54 alignfull uagb-is-root-container\"><div class=\"uagb-container-inner-blocks-wrap\">\n<div class=\"wp-block-uagb-advanced-heading uagb-block-6950e8e0\"><h2 class=\"uagb-heading-text\">Acerca de AwwwStore: Su socio global<\/h2><\/div>\n\n\n\n<div class=\"wp-block-uagb-info-box uagb-block-69e924c0 uagb-infobox__content-wrap  uagb-infobox-icon-above-title uagb-infobox-image-valign-top\"><div class=\"uagb-ifb-content\"><div class=\"uagb-ifb-title-wrap\"><h3 class=\"uagb-ifb-title-prefix\">La oportunidad le espera<\/h3><p class=\"uagb-ifb-title\">En AwwwStore, creemos que cualquiera puede alcanzar sus sue\u00f1os empresariales. Con m\u00e1s de 3.000 tiendas de \u00e9xito en todo el mundo, ofrecemos a los aspirantes a propietarios de tiendas de un d\u00f3lar un cat\u00e1logo inigualable de productos y un apoyo integral para garantizar su \u00e9xito.<\/p><\/div><p class=\"uagb-ifb-desc\">Estamos orgullosos de ayudar a los emprendedores a prosperar con nuestros amplios recursos, lo que ha dado lugar a miles de tiendas de un d\u00f3lar de \u00e9xito en todo el mundo, demostrando que una baja inversi\u00f3n puede dar lugar a grandes beneficios.<\/p><\/div><\/div>\n<\/div><\/div>\n\n\n\n<div class=\"wp-block-uagb-container uagb-block-c0243b08 alignfull uagb-is-root-container\"><div class=\"uagb-container-inner-blocks-wrap\">\n<div class=\"wp-block-uagb-image uagb-block-7022f48d wp-block-uagb-image--layout-default wp-block-uagb-image--effect-static wp-block-uagb-image--align-none uag-blocks-common-selector\" style=\"--z-index-desktop:1;;--z-index-tablet:undefined;;--z-index-mobile:undefined;\"><figure class=\"wp-block-uagb-image__figure\"><img decoding=\"async\" srcset=\"https:\/\/awwwstore.com\/wp-content\/uploads\/2025\/02\/pexels-photo-135620.jpeg ,https:\/\/awwwstore.com\/wp-content\/uploads\/2025\/02\/pexels-photo-135620.jpeg 780w, https:\/\/awwwstore.com\/wp-content\/uploads\/2025\/02\/pexels-photo-135620.jpeg 360w\" sizes=\"auto, (max-width: 480px) 150px\" src=\"https:\/\/awwwstore.com\/wp-content\/uploads\/2025\/02\/pexels-photo-135620.jpeg\" alt=\"\" class=\"uag-image-56\" width=\"1200\" height=\"450\" title=\"qui\u00e9nes somos\" loading=\"lazy\" role=\"img\"\/><\/figure><\/div>\n\n\n\n<div class=\"wp-block-uagb-advanced-heading uagb-block-fb25c115\"><h2 class=\"uagb-heading-text\">Libere el potencial de su negocio con AwwwStore<\/h2><\/div>\n\n\n\n<div class=\"wp-block-uagb-container uagb-block-494d221e\">\n<div class=\"wp-block-uagb-container uagb-block-73cf9e23\">\n<div class=\"wp-block-uagb-icon-list uagb-block-3a9da422\"><div class=\"uagb-icon-list__wrap\">\n<div class=\"wp-block-uagb-icon-list-child uagb-block-42843833\"><span class=\"uagb-icon-list__source-wrap\"><svg xmlns=\"https:\/\/www.w3.org\/2000\/svg\" viewbox=\"0 0 512 512\"><path d=\"M0 256C0 114.6 114.6 0 256 0C397.4 0 512 114.6 512 256C512 397.4 397.4 512 256 512C114.6 512 0 397.4 0 256zM256 352C309 352 352 309 352 256C352 202.1 309 160 256 160C202.1 160 160 202.1 160 256C160 309 202.1 352 256 352z\"><\/path><\/svg><\/span><span class=\"uagb-icon-list__label\">Per\u00edodo de desarrollo<\/span><\/div>\n<\/div><\/div>\n\n\n\n<div class=\"wp-block-uagb-advanced-heading uagb-block-a2717360\"><p class=\"uagb-heading-text\">15<\/p><p class=\"uagb-desc-text\">Establecida hace m\u00e1s de 15 a\u00f1os, tiene su origen en Yiwu (Zhejiang, China), el centro mundial de los peque\u00f1os productos b\u00e1sicos. El equipo tiene su sede en Yiwu y se dedica a los productos de toda China. Poseen una fuerte competitividad en la cadena de suministro en el campo de los peque\u00f1os productos b\u00e1sicos y las tiendas de un yuan en China.<\/p><\/div>\n<\/div>\n\n\n\n<div class=\"wp-block-uagb-container uagb-block-0bdeda31\">\n<div class=\"wp-block-uagb-icon-list uagb-block-4abeaf65\"><div class=\"uagb-icon-list__wrap\">\n<div class=\"wp-block-uagb-icon-list-child uagb-block-94e579da\"><span class=\"uagb-icon-list__source-wrap\"><svg xmlns=\"https:\/\/www.w3.org\/2000\/svg\" viewbox=\"0 0 512 512\"><path d=\"M0 256C0 114.6 114.6 0 256 0C397.4 0 512 114.6 512 256C512 397.4 397.4 512 256 512C114.6 512 0 397.4 0 256zM256 352C309 352 352 309 352 256C352 202.1 309 160 256 160C202.1 160 160 202.1 160 256C160 309 202.1 352 256 352z\"><\/path><\/svg><\/span><span class=\"uagb-icon-list__label\">Tasa satisfactoria<\/span><\/div>\n<\/div><\/div>\n\n\n\n<div class=\"wp-block-uagb-advanced-heading uagb-block-e940bf75\"><p class=\"uagb-heading-text\">98%<\/p><p class=\"uagb-desc-text\">Nuestra visi\u00f3n empresarial es permitir a los comerciantes acceder a peque\u00f1os productos de alta calidad y rentables, mantener una cadena de suministro estable, garantizar precios competitivos, potenciar a los minoristas mundiales de peque\u00f1os productos y llevar peque\u00f1os productos chinos de calidad a los hogares de todo el mundo.<\/p><\/div>\n<\/div>\n\n\n\n<div class=\"wp-block-uagb-container uagb-block-7d5c737b\">\n<div class=\"wp-block-uagb-icon-list uagb-block-019ec0b2\"><div class=\"uagb-icon-list__wrap\">\n<div class=\"wp-block-uagb-icon-list-child uagb-block-33f49684\"><span class=\"uagb-icon-list__source-wrap\"><svg xmlns=\"https:\/\/www.w3.org\/2000\/svg\" viewbox=\"0 0 512 512\"><path d=\"M0 256C0 114.6 114.6 0 256 0C397.4 0 512 114.6 512 256C512 397.4 397.4 512 256 512C114.6 512 0 397.4 0 256zM256 352C309 352 352 309 352 256C352 202.1 309 160 256 160C202.1 160 160 202.1 160 256C160 309 202.1 352 256 352z\"><\/path><\/svg><\/span><span class=\"uagb-icon-list__label\">N\u00famero de tiendas<\/span><\/div>\n<\/div><\/div>\n\n\n\n<div class=\"wp-block-uagb-advanced-heading uagb-block-ab97b53b\"><p class=\"uagb-heading-text\">3000+<\/p><p class=\"uagb-desc-text\">Tenemos m\u00e1s de 3.000 tiendas franquiciadas en todo el mundo, con m\u00e1s de 2.0000 productos suministrados directamente desde las f\u00e1bricas y un almac\u00e9n central de 30.000 metros cuadrados. Estamos desarrollando asociaciones globales y esperamos ampliar el negocio de las tiendas d\u00f3lar junto con comerciantes de todo el mundo.<\/p><\/div>\n<\/div>\n<\/div>\n<\/div><\/div>\n\n\n\n<div class=\"wp-block-uagb-container uagb-block-9ac2f863 alignfull uagb-is-root-container\"><div class=\"uagb-container-inner-blocks-wrap\">\n<div class=\"wp-block-uagb-container uagb-block-7d6e92e8\">\n<div class=\"wp-block-uagb-advanced-heading uagb-block-08545b98\"><h2 class=\"uagb-heading-text\"><a href=\"https:\/\/awwwstore.com\/wp-content\/uploads\/2025\/04\/AwwwStore-CH.pdf\">\u4e2d\u6587\u7248\u672c<\/a><\/h2><\/div>\n\n\n\n<div class=\"wp-block-uagb-image uagb-block-31c5630d wp-block-uagb-image--layout-default wp-block-uagb-image--effect-static wp-block-uagb-image--align-none\"><figure class=\"wp-block-uagb-image__figure\"><a class=\"\" href=\"https:\/\/awwwstore.com\/wp-content\/uploads\/2025\/04\/AwwwStore-CH.pdf\" target=\"\" rel=\"noopener\"><img decoding=\"async\" srcset=\"https:\/\/awwwstore.com\/wp-content\/uploads\/2025\/04\/1-1024x578.png ,https:\/\/awwwstore.com\/wp-content\/uploads\/2025\/04\/1.png 780w, https:\/\/awwwstore.com\/wp-content\/uploads\/2025\/04\/1.png 360w\" sizes=\"auto, (max-width: 480px) 150px\" src=\"https:\/\/awwwstore.com\/wp-content\/uploads\/2025\/04\/1-1024x578.png\" alt=\"\" class=\"uag-image-737\" width=\"1694\" height=\"956\" title=\"1\" loading=\"lazy\" role=\"img\"\/><\/a><\/figure><\/div>\n<\/div>\n\n\n\n<div class=\"wp-block-uagb-container uagb-block-f72fde4f\">\n<div class=\"wp-block-uagb-advanced-heading uagb-block-0fd0a7af\"><h2 class=\"uagb-heading-text\"><a href=\"https:\/\/awwwstore.com\/wp-content\/uploads\/2025\/04\/AwwwStore-Global-EN.pdf\">Versi\u00f3n inglesa<\/a><\/h2><\/div>\n\n\n\n<div class=\"wp-block-uagb-image uagb-block-e53a99d9 wp-block-uagb-image--layout-default wp-block-uagb-image--effect-static wp-block-uagb-image--align-none\"><figure class=\"wp-block-uagb-image__figure\"><a class=\"\" href=\"https:\/\/awwwstore.com\/wp-content\/uploads\/2025\/04\/AwwwStore-Global-EN.pdf\" target=\"\" rel=\"noopener\"><img decoding=\"async\" srcset=\"https:\/\/awwwstore.com\/wp-content\/uploads\/2025\/04\/2-1-1024x664.png ,https:\/\/awwwstore.com\/wp-content\/uploads\/2025\/04\/2-1.png 780w, https:\/\/awwwstore.com\/wp-content\/uploads\/2025\/04\/2-1.png 360w\" sizes=\"auto, (max-width: 480px) 150px\" src=\"https:\/\/awwwstore.com\/wp-content\/uploads\/2025\/04\/2-1-1024x664.png\" alt=\"\" class=\"uag-image-739\" width=\"1794\" height=\"1164\" title=\"2\" loading=\"lazy\" role=\"img\"\/><\/a><\/figure><\/div>\n<\/div>\n\n\n\n<div class=\"wp-block-uagb-container uagb-block-3f57c3c7\">\n<div class=\"wp-block-uagb-advanced-heading uagb-block-4b4af651\"><h2 class=\"uagb-heading-text\"><a href=\"https:\/\/awwwstore.com\/wp-content\/uploads\/2025\/04\/AwwwStore-Global-Sp.pdf\">Versi\u00f3n espa\u00f1ola<\/a><\/h2><\/div>\n\n\n\n<div class=\"wp-block-uagb-image uagb-block-479576e8 wp-block-uagb-image--layout-default wp-block-uagb-image--effect-static wp-block-uagb-image--align-none\"><figure class=\"wp-block-uagb-image__figure\"><a class=\"\" href=\"https:\/\/awwwstore.com\/wp-content\/uploads\/2025\/04\/AwwwStore-Global-Sp.pdf\" target=\"\" rel=\"noopener\"><img decoding=\"async\" srcset=\"https:\/\/awwwstore.com\/wp-content\/uploads\/2025\/04\/3-1024x676.png ,https:\/\/awwwstore.com\/wp-content\/uploads\/2025\/04\/3.png 780w, https:\/\/awwwstore.com\/wp-content\/uploads\/2025\/04\/3.png 360w\" sizes=\"auto, (max-width: 480px) 150px\" src=\"https:\/\/awwwstore.com\/wp-content\/uploads\/2025\/04\/3-1024x676.png\" alt=\"\" class=\"uag-image-740\" width=\"1252\" height=\"826\" title=\"3\" loading=\"lazy\" role=\"img\"\/><\/a><\/figure><\/div>\n<\/div>\n<\/div><\/div>\n\n\n\n<div class=\"wp-block-uagb-container uagb-block-283d2971 alignfull uagb-is-root-container\"><div class=\"uagb-container-inner-blocks-wrap\">\n<div class=\"wp-block-uagb-info-box uagb-block-82d1d57c uagb-infobox__content-wrap  uagb-infobox-icon-above-title uagb-infobox-image-valign-top\"><div class=\"uagb-ifb-content\"><div class=\"uagb-ifb-title-wrap\"><h2 class=\"uagb-ifb-title\">Comience hoy mismo su viaje hacia el \u00e9xito empresarial<\/h2><\/div><p class=\"uagb-ifb-desc\">\u00danete a las filas de los empresarios de \u00e9xito con el apoyo y los recursos incomparables de AwwwStore.<\/p><div class=\"uagb-ifb-button-wrapper wp-block-button\"><a href=\"\/es\/contact\/\" class=\"uagb-infobox-cta-link wp-block-button__link\" target=\"_self\" rel=\"noopener noreferrer\" onclick=\"return true;\"><span class=\"uagb-inline-editing\">Comenzar<\/span><\/a><\/div><\/div><\/div>\n<\/div><\/div>","protected":false},"excerpt":{"rendered":"<p>Empowering Entrepreneurs to Achieve Their Dreams About AwwwStore: Your Global Partner Unlock Your Business Potential with AwwwStore 15 Established for [&hellip;]<\/p>","protected":false},"author":1,"featured_media":0,"parent":0,"menu_order":0,"comment_status":"closed","ping_status":"closed","template":"","meta":{"_uag_custom_page_level_css":"","site-sidebar-layout":"default","site-content-layout":"","ast-site-content-layout":"default","site-content-style":"default","site-sidebar-style":"default","ast-global-header-display":"","ast-banner-title-visibility":"","ast-main-header-display":"","ast-hfb-above-header-display":"","ast-hfb-below-header-display":"","ast-hfb-mobile-header-display":"","site-post-title":"disabled","ast-breadcrumbs-content":"","ast-featured-img":"","footer-sml-layout":"","ast-disable-related-posts":"","theme-transparent-header-meta":"","adv-header-id-meta":"","stick-header-meta":"","header-above-stick-meta":"","header-main-stick-meta":"","header-below-stick-meta":"","astra-migrate-meta-layouts":"default","ast-page-background-enabled":"default","ast-page-background-meta":{"desktop":{"background-color":"var(--ast-global-color-4)","background-image":"","background-repeat":"repeat","background-position":"center center","background-size":"auto","background-attachment":"scroll","background-type":"","background-media":"","overlay-type":"","overlay-color":"","overlay-opacity":"","overlay-gradient":""},"tablet":{"background-color":"","background-image":"","background-repeat":"repeat","background-position":"center center","background-size":"auto","background-attachment":"scroll","background-type":"","background-media":"","overlay-type":"","overlay-color":"","overlay-opacity":"","overlay-gradient":""},"mobile":{"background-color":"","background-image":"","background-repeat":"repeat","background-position":"center center","background-size":"auto","background-attachment":"scroll","background-type":"","background-media":"","overlay-type":"","overlay-color":"","overlay-opacity":"","overlay-gradient":""}},"ast-content-background-meta":{"desktop":{"background-color":"var(--ast-global-color-5)","background-image":"","background-repeat":"repeat","background-position":"center center","background-size":"auto","background-attachment":"scroll","background-type":"","background-media":"","overlay-type":"","overlay-color":"","overlay-opacity":"","overlay-gradient":""},"tablet":{"background-color":"var(--ast-global-color-5)","background-image":"","background-repeat":"repeat","background-position":"center center","background-size":"auto","background-attachment":"scroll","background-type":"","background-media":"","overlay-type":"","overlay-color":"","overlay-opacity":"","overlay-gradient":""},"mobile":{"background-color":"var(--ast-global-color-5)","background-image":"","background-repeat":"repeat","background-position":"center center","background-size":"auto","background-attachment":"scroll","background-type":"","background-media":"","overlay-type":"","overlay-color":"","overlay-opacity":"","overlay-gradient":""}},"footnotes":""},"class_list":["post-161","page","type-page","status-publish","hentry"],"_hostinger_reach_plugin_has_subscription_block":false,"_hostinger_reach_plugin_is_elementor":false,"uagb_featured_image_src":{"full":false,"thumbnail":false,"medium":false,"medium_large":false,"large":false,"1536x1536":false,"2048x2048":false,"trp-custom-language-flag":false},"uagb_author_info":{"display_name":"awwwstore","author_link":"https:\/\/awwwstore.com\/es\/author\/baiduboygmail-com\/"},"uagb_comment_info":0,"uagb_excerpt":"Empowering Entrepreneurs to Achieve Their Dreams About AwwwStore: Your Global Partner Unlock Your Business Potential with AwwwStore 15 Established for [&hellip;]","_links":{"self":[{"href":"https:\/\/awwwstore.com\/es\/wp-json\/wp\/v2\/pages\/161","targetHints":{"allow":["GET"]}}],"collection":[{"href":"https:\/\/awwwstore.com\/es\/wp-json\/wp\/v2\/pages"}],"about":[{"href":"https:\/\/awwwstore.com\/es\/wp-json\/wp\/v2\/types\/page"}],"author":[{"embeddable":true,"href":"https:\/\/awwwstore.com\/es\/wp-json\/wp\/v2\/users\/1"}],"replies":[{"embeddable":true,"href":"https:\/\/awwwstore.com\/es\/wp-json\/wp\/v2\/comments?post=161"}],"version-history":[{"count":8,"href":"https:\/\/awwwstore.com\/es\/wp-json\/wp\/v2\/pages\/161\/revisions"}],"predecessor-version":[{"id":759,"href":"https:\/\/awwwstore.com\/es\/wp-json\/wp\/v2\/pages\/161\/revisions\/759"}],"wp:attachment":[{"href":"https:\/\/awwwstore.com\/es\/wp-json\/wp\/v2\/media?parent=161"}],"curies":[{"name":"wp","href":"https:\/\/api.w.org\/{rel}","templated":true}]}}