{"id":659,"date":"2025-04-03T10:45:04","date_gmt":"2025-04-03T02:45:04","guid":{"rendered":"https:\/\/awwwstore.com\/?page_id=659"},"modified":"2025-11-06T11:31:39","modified_gmt":"2025-11-06T03:31:39","slug":"how-to-work","status":"publish","type":"page","link":"https:\/\/awwwstore.com\/es\/how-to-work\/","title":{"rendered":"C\u00f3mo trabajar"},"content":{"rendered":"<div class=\"wp-block-uagb-container uagb-layout-grid uagb-block-861c71f8 alignfull uagb-is-root-container\"><div class=\"uagb-container-inner-blocks-wrap\">\n<div class=\"wp-block-uagb-advanced-heading uagb-block-269a3267\"><h1 class=\"uagb-heading-text\">Proceso de cooperaci\u00f3n en las tiendas de descuento<\/h1><\/div>\n\n\n\n<figure class=\"wp-block-embed is-type-video is-provider-youtube wp-block-embed-youtube wp-embed-aspect-16-9 wp-has-aspect-ratio\"><div class=\"wp-block-embed__wrapper\">\n<iframe loading=\"lazy\" title=\"Proceso completo de la tienda One Dollar\" width=\"500\" height=\"281\" src=\"https:\/\/www.youtube.com\/embed\/KFt45BNM0p8?feature=oembed\" frameborder=\"0\" allow=\"accelerometer; autoplay; clipboard-write; encrypted-media; gyroscope; picture-in-picture; web-share\" referrerpolicy=\"strict-origin-when-cross-origin\" allowfullscreen><\/iframe>\n<\/div><\/figure>\n<\/div><\/div>\n\n\n\n<div class=\"wp-block-uagb-container uagb-block-65ce5899 alignfull uagb-is-root-container\"><div class=\"uagb-container-inner-blocks-wrap\">\n<div class=\"wp-block-uagb-container uagb-block-1615a228\">\n<div class=\"wp-block-uagb-advanced-heading uagb-block-891dbea5\"><h2 class=\"uagb-heading-text\"><mark style=\"background-color:rgba(0, 0, 0, 0)\" class=\"has-inline-color has-ast-global-color-1-color\">1 Modelo de mayorista de productos<\/mark><\/h2><\/div>\n\n\n\n<div class=\"wp-block-uagb-icon-list uagb-block-09c717f4\"><div class=\"uagb-icon-list__wrap\">\n<div class=\"wp-block-uagb-icon-list-child uagb-block-c445770d\"><span class=\"uagb-icon-list__source-wrap\"><svg xmlns=\"https:\/\/www.w3.org\/2000\/svg\" viewbox=\"0 0 512 512\"><path d=\"M256 0C114.6 0 0 114.6 0 256c0 141.4 114.6 256 256 256s256-114.6 256-256C512 114.6 397.4 0 256 0zM406.6 278.6l-103.1 103.1c-12.5 12.5-32.75 12.5-45.25 0s-12.5-32.75 0-45.25L306.8 288H128C110.3 288 96 273.7 96 256s14.31-32 32-32h178.8l-49.38-49.38c-12.5-12.5-12.5-32.75 0-45.25s32.75-12.5 45.25 0l103.1 103.1C414.6 241.3 416 251.1 416 256C416 260.9 414.6 270.7 406.6 278.6z\"><\/path><\/svg><\/span><span class=\"uagb-icon-list__label\">MOQ\uff1aImporte de compra de <strong>US$2,000<\/strong><\/span><\/div>\n\n\n\n<div class=\"wp-block-uagb-icon-list-child uagb-block-2524b232\"><span class=\"uagb-icon-list__source-wrap\"><svg xmlns=\"https:\/\/www.w3.org\/2000\/svg\" viewbox=\"0 0 512 512\"><path d=\"M256 0C114.6 0 0 114.6 0 256c0 141.4 114.6 256 256 256s256-114.6 256-256C512 114.6 397.4 0 256 0zM406.6 278.6l-103.1 103.1c-12.5 12.5-32.75 12.5-45.25 0s-12.5-32.75 0-45.25L306.8 288H128C110.3 288 96 273.7 96 256s14.31-32 32-32h178.8l-49.38-49.38c-12.5-12.5-12.5-32.75 0-45.25s32.75-12.5 45.25 0l103.1 103.1C414.6 241.3 416 251.1 416 256C416 260.9 414.6 270.7 406.6 278.6z\"><\/path><\/svg><\/span><span class=\"uagb-icon-list__label\">Log\u00edstica\uff1aApoya el env\u00edo global<\/span><\/div>\n\n\n\n<div class=\"wp-block-uagb-icon-list-child uagb-block-a1ffee0c\"><span class=\"uagb-icon-list__source-wrap\"><svg xmlns=\"https:\/\/www.w3.org\/2000\/svg\" viewbox=\"0 0 512 512\"><path d=\"M256 0C114.6 0 0 114.6 0 256c0 141.4 114.6 256 256 256s256-114.6 256-256C512 114.6 397.4 0 256 0zM406.6 278.6l-103.1 103.1c-12.5 12.5-32.75 12.5-45.25 0s-12.5-32.75 0-45.25L306.8 288H128C110.3 288 96 273.7 96 256s14.31-32 32-32h178.8l-49.38-49.38c-12.5-12.5-12.5-32.75 0-45.25s32.75-12.5 45.25 0l103.1 103.1C414.6 241.3 416 251.1 416 256C416 260.9 414.6 270.7 406.6 278.6z\"><\/path><\/svg><\/span><span class=\"uagb-icon-list__label\">Pago\uff1a100 USD de dep\u00f3sito<\/span><\/div>\n<\/div><\/div>\n<\/div>\n\n\n\n<div class=\"wp-block-uagb-container uagb-block-372a0c56\">\n<div class=\"wp-block-uagb-advanced-heading uagb-block-e14f557a\"><h2 class=\"uagb-heading-text\"><mark style=\"background-color:rgba(0, 0, 0, 0)\" class=\"has-inline-color has-ast-global-color-1-color\">2 Modelo de cooperaci\u00f3n entre tiendas<\/mark><\/h2><\/div>\n\n\n\n<div class=\"wp-block-uagb-icon-list uagb-block-a1242669\"><div class=\"uagb-icon-list__wrap\">\n<div class=\"wp-block-uagb-icon-list-child uagb-block-bb4aa3b8\"><span class=\"uagb-icon-list__source-wrap\"><svg xmlns=\"https:\/\/www.w3.org\/2000\/svg\" viewbox=\"0 0 512 512\"><path d=\"M256 0C114.6 0 0 114.6 0 256c0 141.4 114.6 256 256 256s256-114.6 256-256C512 114.6 397.4 0 256 0zM406.6 278.6l-103.1 103.1c-12.5 12.5-32.75 12.5-45.25 0s-12.5-32.75 0-45.25L306.8 288H128C110.3 288 96 273.7 96 256s14.31-32 32-32h178.8l-49.38-49.38c-12.5-12.5-12.5-32.75 0-45.25s32.75-12.5 45.25 0l103.1 103.1C414.6 241.3 416 251.1 416 256C416 260.9 414.6 270.7 406.6 278.6z\"><\/path><\/svg><\/span><span class=\"uagb-icon-list__label\">MOQ\uff1aCantidad de compra para<strong> Un contenedor<\/strong><\/span><\/div>\n\n\n\n<div class=\"wp-block-uagb-icon-list-child uagb-block-c780c365\"><span class=\"uagb-icon-list__source-wrap\"><svg xmlns=\"https:\/\/www.w3.org\/2000\/svg\" viewbox=\"0 0 512 512\"><path d=\"M256 0C114.6 0 0 114.6 0 256c0 141.4 114.6 256 256 256s256-114.6 256-256C512 114.6 397.4 0 256 0zM406.6 278.6l-103.1 103.1c-12.5 12.5-32.75 12.5-45.25 0s-12.5-32.75 0-45.25L306.8 288H128C110.3 288 96 273.7 96 256s14.31-32 32-32h178.8l-49.38-49.38c-12.5-12.5-12.5-32.75 0-45.25s32.75-12.5 45.25 0l103.1 103.1C414.6 241.3 416 251.1 416 256C416 260.9 414.6 270.7 406.6 278.6z\"><\/path><\/svg><\/span><span class=\"uagb-icon-list__label\">Log\u00edstica\uff1aApoya el env\u00edo global<\/span><\/div>\n\n\n\n<div class=\"wp-block-uagb-icon-list-child uagb-block-aa7debce\"><span class=\"uagb-icon-list__source-wrap\"><svg xmlns=\"https:\/\/www.w3.org\/2000\/svg\" viewbox=\"0 0 512 512\"><path d=\"M256 0C114.6 0 0 114.6 0 256c0 141.4 114.6 256 256 256s256-114.6 256-256C512 114.6 397.4 0 256 0zM406.6 278.6l-103.1 103.1c-12.5 12.5-32.75 12.5-45.25 0s-12.5-32.75 0-45.25L306.8 288H128C110.3 288 96 273.7 96 256s14.31-32 32-32h178.8l-49.38-49.38c-12.5-12.5-12.5-32.75 0-45.25s32.75-12.5 45.25 0l103.1 103.1C414.6 241.3 416 251.1 416 256C416 260.9 414.6 270.7 406.6 278.6z\"><\/path><\/svg><\/span><span class=\"uagb-icon-list__label\">Pago\uff1a500 USD de dep\u00f3sito<\/span><\/div>\n<\/div><\/div>\n<\/div>\n<\/div><\/div>\n\n\n\n<div class=\"wp-block-uagb-container uagb-block-8af37a54 alignfull uagb-is-root-container\"><div class=\"uagb-container-inner-blocks-wrap\">\n<div class=\"wp-block-uagb-container uagb-layout-grid uagb-block-818f42b1\">\n<div class=\"wp-block-uagb-image uagb-block-9ae967e7 wp-block-uagb-image--layout-default wp-block-uagb-image--effect-static wp-block-uagb-image--align-none\"><figure class=\"wp-block-uagb-image__figure\"><img decoding=\"async\" srcset=\"https:\/\/awwwstore.com\/wp-content\/uploads\/2025\/03\/One-Dollar.jpg ,https:\/\/awwwstore.com\/wp-content\/uploads\/2025\/03\/One-Dollar.jpg 780w, https:\/\/awwwstore.com\/wp-content\/uploads\/2025\/03\/One-Dollar.jpg 360w\" sizes=\"auto, (max-width: 480px) 150px\" src=\"https:\/\/awwwstore.com\/wp-content\/uploads\/2025\/03\/One-Dollar.jpg\" alt=\"\" class=\"uag-image-491\" width=\"570\" height=\"450\" title=\"Un d\u00f3lar\" loading=\"lazy\" role=\"img\"\/><\/figure><\/div>\n\n\n\n<div class=\"wp-block-uagb-info-box uagb-block-3954de6a uagb-infobox__content-wrap  uagb-infobox-icon-above-title uagb-infobox-image-valign-top\"><div class=\"uagb-ifb-content\"><div class=\"uagb-ifb-title-wrap\"><span class=\"uagb-ifb-title-prefix\"><strong>01<\/strong><\/span><h2 class=\"uagb-ifb-title\"><strong>Inicio r\u00e1pido: Domine el Framework en 5 minutos<\/strong><\/h2><\/div><p class=\"uagb-ifb-desc\">Selecci\u00f3n de productos del sitio web oficial \u2192 Activaci\u00f3n de cuentas \u2192 Asistencia a la comunidad \u2192 Ejecuci\u00f3n de adquisiciones \u2192 Asistencia en el lanzamiento de la tienda.<br><br><em>Proceso totalmente digitalizado, inicio de la contrataci\u00f3n transfronteriza en 72 horas<\/em><\/p><\/div><\/div>\n<\/div>\n\n\n\n<div class=\"wp-block-uagb-container uagb-layout-grid uagb-block-caf64204\">\n<div class=\"wp-block-uagb-info-box uagb-block-967b25d2 uagb-infobox__content-wrap  uagb-infobox-icon-above-title uagb-infobox-image-valign-top\"><div class=\"uagb-ifb-content\"><div class=\"uagb-ifb-title-wrap\"><span class=\"uagb-ifb-title-prefix\"><br><br>02<\/span><h2 class=\"uagb-ifb-title\"><strong>Gu\u00eda paso a paso<\/strong><\/h2><\/div><p class=\"uagb-ifb-desc\"><strong>1. Sistema de cat\u00e1logo de productos<\/strong><br><br><strong>Acceso Entrada<\/strong>: - Escritorio: Visite <a href=\"https:\/\/awwwstore.com\/es\/\">www.awwwstore.com<\/a> \u2192 Haga clic en el bot\u00f3n <strong>[<a href=\"https:\/\/onedollar.awwwbuy.com\/#\/home\"><mark style=\"background-color:rgba(0, 0, 0, 0)\" class=\"has-inline-color has-ast-global-color-1-color\">Cat\u00e1logo<\/mark><\/a>]<\/strong> pesta\u00f1a en la parte superior<br><br><strong>Caracter\u00edsticas principales<\/strong>: \u2705 Multiidioma(espa\u00f1ol\/ingl\u00e9s\/\u00e1rabe) \u2705 Filtros inteligentes (por categor\u00eda\/peso\/popularidad)<br><br><strong>Actualizaci\u00f3n de datos<\/strong>: Cientos de nuevos productos a\u00f1adidos diariamente<br><br><strong>2. Mecanismo de fijaci\u00f3n de precios<\/strong><br><br><strong>Precios de los productos<\/strong>Todos los art\u00edculos cuyo precio oscile entre <strong>$0.2-$0.4\/piece<\/strong> (precios detallados visibles tras la activaci\u00f3n de la cuenta)<br><br><strong>Precios escalonados<\/strong>: <br><strong>Pedido m\u00ednimo al por mayor<\/strong> : $2,000+<br><br><strong>Clientes de contenedores completos (FCL)<\/strong>: Disfrute de descuentos exclusivos<br><br><strong>Para compras inferiores a $1.000:<\/strong><br>Se recomienda ir directamente a <a href=\"https:\/\/www.awwwbuy.com\/\"><mark style=\"background-color:rgba(0, 0, 0, 0)\" class=\"has-inline-color has-ast-global-color-1-color\">awwwbuy.com<\/mark><\/a> para hacer un pedido.<br><br><strong>3. Activaci\u00f3n de la cuenta de empresa<\/strong><br><br><strong>1. Inscripci\u00f3n<\/strong>: P\u00f3ngase en contacto con el servicio de atenci\u00f3n al cliente para activar<br><strong>2. Pago del dep\u00f3sito<\/strong>: - Pagar un <strong>$100 dep\u00f3sito reembolsable<\/strong> (a trav\u00e9s de PayPal\/Transferencia bancaria)<br><strong>3.Forma de pago: <\/strong> <a href=\"https:\/\/www.awwwbuy.com\/en_US\/goods_info?keyword=917609571193&amp;platform=taobao\"><mark style=\"background-color:rgba(0, 0, 0, 0);color:#ff6900\" class=\"has-inline-color\">100 USD dep\u00f3sito de pago link\uff08Pay Per Click\uff09<\/mark><\/a><br><br><\/p><\/div><\/div>\n\n\n\n<div class=\"wp-block-uagb-image uagb-block-422c118e wp-block-uagb-image--layout-default wp-block-uagb-image--effect-static wp-block-uagb-image--align-none\"><figure class=\"wp-block-uagb-image__figure\"><img decoding=\"async\" srcset=\"https:\/\/awwwstore.com\/wp-content\/uploads\/2025\/03\/image97880TZmE4YW174288274158836221420250303060541.jpg ,https:\/\/awwwstore.com\/wp-content\/uploads\/2025\/03\/image97880TZmE4YW174288274158836221420250303060541.jpg 780w, https:\/\/awwwstore.com\/wp-content\/uploads\/2025\/03\/image97880TZmE4YW174288274158836221420250303060541.jpg 360w\" sizes=\"auto, (max-width: 480px) 150px\" src=\"https:\/\/awwwstore.com\/wp-content\/uploads\/2025\/03\/image97880TZmE4YW174288274158836221420250303060541.jpg\" alt=\"\" class=\"uag-image-570\" width=\"570\" height=\"450\" title=\"image97880TZmE4YW174288274158836221420250303060541\" loading=\"lazy\" role=\"img\"\/><\/figure><\/div>\n<\/div>\n\n\n\n<div class=\"wp-block-uagb-container uagb-layout-grid uagb-block-57ffcd2c\">\n<div class=\"wp-block-uagb-image uagb-block-b16c0ec0 wp-block-uagb-image--layout-default wp-block-uagb-image--effect-static wp-block-uagb-image--align-none\"><figure class=\"wp-block-uagb-image__figure\"><img decoding=\"async\" srcset=\"https:\/\/awwwstore.com\/wp-content\/uploads\/2025\/03\/image643452TZmE4YW174244119688977895320250303032636-1.jpg ,https:\/\/awwwstore.com\/wp-content\/uploads\/2025\/03\/image643452TZmE4YW174244119688977895320250303032636-1.jpg 780w, https:\/\/awwwstore.com\/wp-content\/uploads\/2025\/03\/image643452TZmE4YW174244119688977895320250303032636-1.jpg 360w\" sizes=\"auto, (max-width: 480px) 150px\" src=\"https:\/\/awwwstore.com\/wp-content\/uploads\/2025\/03\/image643452TZmE4YW174244119688977895320250303032636-1.jpg\" alt=\"\" class=\"uag-image-558\" width=\"570\" height=\"450\" title=\"image643452TZmE4YW174244119688977895320250303032636\" loading=\"lazy\" role=\"img\"\/><\/figure><\/div>\n\n\n\n<div class=\"wp-block-uagb-info-box uagb-block-cc1b40c6 uagb-infobox__content-wrap  uagb-infobox-icon-above-title uagb-infobox-image-valign-top\"><div class=\"uagb-ifb-content\"><div class=\"uagb-ifb-title-wrap\"><span class=\"uagb-ifb-title-prefix\">03<\/span><h2 class=\"uagb-ifb-title\"><strong><strong>Capacitaci\u00f3n comunitaria<\/strong><\/strong><\/h2><\/div><p class=\"uagb-ifb-desc\"><strong>Beneficios comunitarios b\u00e1sicos de WhatsApp<\/strong><br><br><strong>C\u00f3mo afiliarse<\/strong>: P\u00f3ngase en contacto con su gestor de cuenta para obtener un enlace de invitaci\u00f3n<br><br><br><\/p><\/div><\/div>\n<\/div>\n\n\n\n<p><\/p>\n\n\n\n<figure class=\"wp-block-table alignfull\"><table class=\"has-fixed-layout\"><tbody><tr><td><strong>M\u00f3dulo de servicio<\/strong><\/td><td><strong>Privilegios<\/strong><\/td><\/tr><tr><td><strong>F\u00e1brica Livestreams<\/strong><\/td><td>Visitas semanales a la base de producci\u00f3n de Yiwu (con inspecci\u00f3n de calidad en tiempo real)<\/td><\/tr><tr><td><strong>Cursos para expertos<\/strong><\/td><td>Sesiones mensuales de formaci\u00f3n \"C\u00f3mo gestionar una tienda de un d\u00f3lar<\/td><\/tr><tr><td><strong>Debates diarios<\/strong><\/td><td>Comunicaci\u00f3n ininterrumpida sobre el funcionamiento de las tiendas y las mejores pr\u00e1cticas<\/td><\/tr><\/tbody><\/table><\/figure>\n\n\n\n<div class=\"wp-block-uagb-container uagb-layout-grid uagb-block-f40a1112\">\n<div class=\"wp-block-uagb-info-box uagb-block-56eb3b14 uagb-infobox__content-wrap  uagb-infobox-icon-above-title uagb-infobox-image-valign-top\"><div class=\"uagb-ifb-content\"><div class=\"uagb-ifb-title-wrap\"><span class=\"uagb-ifb-title-prefix\">04<\/span><h2 class=\"uagb-ifb-title\"><strong><strong>Proceso de contrataci\u00f3n<\/strong><\/strong><\/h2><\/div><p class=\"uagb-ifb-desc\">1. <strong>Gesti\u00f3n de carros<\/strong>: - Seleccione productos en l\u00ednea o a trav\u00e9s de <strong>compra asistida por v\u00eddeo<\/strong><br><br>2. <strong>Seguridad en los pagos<\/strong>Transferencia del pago a la cuenta de la empresa tras finalizar la selecci\u00f3n<br><br>3.<strong> Opciones log\u00edsticas<\/strong>Utilice su proveedor log\u00edstico preferido <strong>O<\/strong> nuestros transportistas internacionales asociados<br><br><\/p><\/div><\/div>\n\n\n\n<div class=\"wp-block-uagb-image uagb-block-384a87e9 wp-block-uagb-image--layout-default wp-block-uagb-image--effect-static wp-block-uagb-image--align-none\"><figure class=\"wp-block-uagb-image__figure\"><img decoding=\"async\" srcset=\"https:\/\/awwwstore.com\/wp-content\/uploads\/2025\/03\/image451225TZmE4YW174304684489585527720250303034044.jpg ,https:\/\/awwwstore.com\/wp-content\/uploads\/2025\/03\/image451225TZmE4YW174304684489585527720250303034044.jpg 780w, https:\/\/awwwstore.com\/wp-content\/uploads\/2025\/03\/image451225TZmE4YW174304684489585527720250303034044.jpg 360w\" sizes=\"auto, (max-width: 480px) 150px\" src=\"https:\/\/awwwstore.com\/wp-content\/uploads\/2025\/03\/image451225TZmE4YW174304684489585527720250303034044.jpg\" alt=\"\" class=\"uag-image-595\" width=\"570\" height=\"450\" title=\"image451225TZmE4YW174304684489585527720250303034044\" loading=\"lazy\" role=\"img\"\/><\/figure><\/div>\n<\/div>\n\n\n\n<div class=\"wp-block-uagb-container uagb-layout-grid uagb-block-e50e8723\">\n<div class=\"wp-block-uagb-image uagb-block-5788e355 wp-block-uagb-image--layout-default wp-block-uagb-image--effect-static wp-block-uagb-image--align-none\"><figure class=\"wp-block-uagb-image__figure\"><img decoding=\"async\" srcset=\"https:\/\/awwwstore.com\/wp-content\/uploads\/2025\/03\/image8124TZmE4YW174340248405420312320250303062804.jpg ,https:\/\/awwwstore.com\/wp-content\/uploads\/2025\/03\/image8124TZmE4YW174340248405420312320250303062804.jpg 780w, https:\/\/awwwstore.com\/wp-content\/uploads\/2025\/03\/image8124TZmE4YW174340248405420312320250303062804.jpg 360w\" sizes=\"auto, (max-width: 480px) 150px\" src=\"https:\/\/awwwstore.com\/wp-content\/uploads\/2025\/03\/image8124TZmE4YW174340248405420312320250303062804.jpg\" alt=\"\" class=\"uag-image-644\" width=\"570\" height=\"450\" title=\"image8124TZmE4YW174340248405420312320250303062804\" loading=\"lazy\" role=\"img\"\/><\/figure><\/div>\n\n\n\n<div class=\"wp-block-uagb-info-box uagb-block-9d441a1d uagb-infobox__content-wrap  uagb-infobox-icon-above-title uagb-infobox-image-valign-top\"><div class=\"uagb-ifb-content\"><div class=\"uagb-ifb-title-wrap\"><span class=\"uagb-ifb-title-prefix\"><br><br>05<\/span><h2 class=\"uagb-ifb-title\"><strong><strong>Programa de apoyo al lanzamiento de tiendas<\/strong><\/strong><\/h2><\/div><p class=\"uagb-ifb-desc\"><em>A los clientes de FCL que se comprometen a montar una tienda completa, les proporcionamos asesoramiento profesional:<\/em><br><br><br><strong>1. Selecci\u00f3n de la ubicaci\u00f3n<\/strong>: Asesoramiento experto sobre la ubicaci\u00f3n \u00f3ptima de las tiendas<br><br><strong>2. Dise\u00f1o de la tienda<\/strong>: Planificaci\u00f3n profesional del dise\u00f1o y la decoraci\u00f3n<br><br><strong>3. Soluciones de estanter\u00edas<\/strong>: Sistemas personalizados de estanter\u00edas para tiendas de un d\u00f3lar<br><br><strong>4. VI Dise\u00f1o<\/strong>: Paquetes de identidad de marca (logotipos, plantillas de se\u00f1alizaci\u00f3n)<br><br><strong>5. Curaci\u00f3n de productos<\/strong>: Selecci\u00f3n basada en datos de art\u00edculos populares a nivel local<br><br><strong>6. Estrategia de marketing<\/strong>: Apoyo semanal a la planificaci\u00f3n y ejecuci\u00f3n de actividades promocionales<br><br><\/p><\/div><\/div>\n<\/div>\n\n\n\n<div class=\"wp-block-uagb-container uagb-layout-grid uagb-block-5d7a8667\">\n<div class=\"wp-block-uagb-info-box uagb-block-f76df288 uagb-infobox__content-wrap  uagb-infobox-icon-above-title uagb-infobox-image-valign-top\"><div class=\"uagb-ifb-content\"><div class=\"uagb-ifb-title-wrap\"><span class=\"uagb-ifb-title-prefix\">06<\/span><h2 class=\"uagb-ifb-title\"><strong><strong>Datos de contacto<\/strong><\/strong><\/h2><\/div><p class=\"uagb-ifb-desc\">Bienvenido a a\u00f1adir nuestra cooperaci\u00f3n Whatsapp:<br> <br><strong>Zona hispanohablante \uff1a+86 18957997313<br>Zona angl\u00f3fona \uff1a+86 18957997119<br>Zona de habla china\uff1a+86 18580775092<\/strong><br><br><\/p><\/div><\/div>\n\n\n\n<div class=\"wp-block-uagb-image uagb-block-7eaf14d6 wp-block-uagb-image--layout-default wp-block-uagb-image--effect-static wp-block-uagb-image--align-none\"><figure class=\"wp-block-uagb-image__figure\"><img decoding=\"async\" srcset=\"https:\/\/awwwstore.com\/wp-content\/uploads\/2025\/03\/image831922TZmE4YW174167893040512346420250303074210.jpg ,https:\/\/awwwstore.com\/wp-content\/uploads\/2025\/03\/image831922TZmE4YW174167893040512346420250303074210.jpg 780w, https:\/\/awwwstore.com\/wp-content\/uploads\/2025\/03\/image831922TZmE4YW174167893040512346420250303074210.jpg 360w\" sizes=\"auto, (max-width: 480px) 150px\" src=\"https:\/\/awwwstore.com\/wp-content\/uploads\/2025\/03\/image831922TZmE4YW174167893040512346420250303074210.jpg\" alt=\"\" class=\"uag-image-488\" width=\"570\" height=\"450\" title=\"image831922TZmE4YW174167893040512346420250303074210\" loading=\"lazy\" role=\"img\"\/><\/figure><\/div>\n<\/div>\n<\/div><\/div>\n\n\n\n<div class=\"wp-block-uagb-container uagb-block-283d2971 alignfull uagb-is-root-container\"><div class=\"uagb-container-inner-blocks-wrap\">\n<div class=\"wp-block-uagb-info-box uagb-block-82d1d57c uagb-infobox__content-wrap  uagb-infobox-icon-above-title uagb-infobox-image-valign-top\"><div class=\"uagb-ifb-content\"><div class=\"uagb-ifb-title-wrap\"><h2 class=\"uagb-ifb-title\">Comience hoy mismo su viaje hacia el \u00e9xito empresarial<\/h2><\/div><p class=\"uagb-ifb-desc\">\u00danete a las filas de los empresarios de \u00e9xito con el apoyo y los recursos incomparables de AwwwStore.<\/p><div class=\"uagb-ifb-button-wrapper wp-block-button\"><a href=\"\/es\/contact\/\" class=\"uagb-infobox-cta-link wp-block-button__link\" target=\"_self\" rel=\"noopener noreferrer\" onclick=\"return true;\"><span class=\"uagb-inline-editing\">Comenzar<\/span><\/a><\/div><\/div><\/div>\n<\/div><\/div>\n\n\n\n<p><\/p>","protected":false},"excerpt":{"rendered":"<p>Dollar store cooperation process 1 Product wholesale model 2 Store cooperation model Service Module Privileges Factory Livestreams Weekly tours of [&hellip;]<\/p>","protected":false},"author":1,"featured_media":0,"parent":0,"menu_order":0,"comment_status":"closed","ping_status":"closed","template":"","meta":{"_uag_custom_page_level_css":"","site-sidebar-layout":"default","site-content-layout":"","ast-site-content-layout":"default","site-content-style":"default","site-sidebar-style":"default","ast-global-header-display":"","ast-banner-title-visibility":"","ast-main-header-display":"","ast-hfb-above-header-display":"","ast-hfb-below-header-display":"","ast-hfb-mobile-header-display":"","site-post-title":"disabled","ast-breadcrumbs-content":"","ast-featured-img":"","footer-sml-layout":"","ast-disable-related-posts":"","theme-transparent-header-meta":"","adv-header-id-meta":"","stick-header-meta":"","header-above-stick-meta":"","header-main-stick-meta":"","header-below-stick-meta":"","astra-migrate-meta-layouts":"default","ast-page-background-enabled":"default","ast-page-background-meta":{"desktop":{"background-color":"var(--ast-global-color-4)","background-image":"","background-repeat":"repeat","background-position":"center center","background-size":"auto","background-attachment":"scroll","background-type":"","background-media":"","overlay-type":"","overlay-color":"","overlay-opacity":"","overlay-gradient":""},"tablet":{"background-color":"","background-image":"","background-repeat":"repeat","background-position":"center center","background-size":"auto","background-attachment":"scroll","background-type":"","background-media":"","overlay-type":"","overlay-color":"","overlay-opacity":"","overlay-gradient":""},"mobile":{"background-color":"","background-image":"","background-repeat":"repeat","background-position":"center center","background-size":"auto","background-attachment":"scroll","background-type":"","background-media":"","overlay-type":"","overlay-color":"","overlay-opacity":"","overlay-gradient":""}},"ast-content-background-meta":{"desktop":{"background-color":"var(--ast-global-color-5)","background-image":"","background-repeat":"repeat","background-position":"center center","background-size":"auto","background-attachment":"scroll","background-type":"","background-media":"","overlay-type":"","overlay-color":"","overlay-opacity":"","overlay-gradient":""},"tablet":{"background-color":"var(--ast-global-color-5)","background-image":"","background-repeat":"repeat","background-position":"center center","background-size":"auto","background-attachment":"scroll","background-type":"","background-media":"","overlay-type":"","overlay-color":"","overlay-opacity":"","overlay-gradient":""},"mobile":{"background-color":"var(--ast-global-color-5)","background-image":"","background-repeat":"repeat","background-position":"center center","background-size":"auto","background-attachment":"scroll","background-type":"","background-media":"","overlay-type":"","overlay-color":"","overlay-opacity":"","overlay-gradient":""}},"footnotes":""},"class_list":["post-659","page","type-page","status-publish","hentry"],"_hostinger_reach_plugin_has_subscription_block":false,"_hostinger_reach_plugin_is_elementor":false,"uagb_featured_image_src":{"full":false,"thumbnail":false,"medium":false,"medium_large":false,"large":false,"1536x1536":false,"2048x2048":false,"trp-custom-language-flag":false},"uagb_author_info":{"display_name":"awwwstore","author_link":"https:\/\/awwwstore.com\/es\/author\/baiduboygmail-com\/"},"uagb_comment_info":0,"uagb_excerpt":"Dollar store cooperation process 1 Product wholesale model 2 Store cooperation model Service Module Privileges Factory Livestreams Weekly tours of [&hellip;]","_links":{"self":[{"href":"https:\/\/awwwstore.com\/es\/wp-json\/wp\/v2\/pages\/659","targetHints":{"allow":["GET"]}}],"collection":[{"href":"https:\/\/awwwstore.com\/es\/wp-json\/wp\/v2\/pages"}],"about":[{"href":"https:\/\/awwwstore.com\/es\/wp-json\/wp\/v2\/types\/page"}],"author":[{"embeddable":true,"href":"https:\/\/awwwstore.com\/es\/wp-json\/wp\/v2\/users\/1"}],"replies":[{"embeddable":true,"href":"https:\/\/awwwstore.com\/es\/wp-json\/wp\/v2\/comments?post=659"}],"version-history":[{"count":32,"href":"https:\/\/awwwstore.com\/es\/wp-json\/wp\/v2\/pages\/659\/revisions"}],"predecessor-version":[{"id":1022,"href":"https:\/\/awwwstore.com\/es\/wp-json\/wp\/v2\/pages\/659\/revisions\/1022"}],"wp:attachment":[{"href":"https:\/\/awwwstore.com\/es\/wp-json\/wp\/v2\/media?parent=659"}],"curies":[{"name":"wp","href":"https:\/\/api.w.org\/{rel}","templated":true}]}}