{"id":22,"date":"2025-02-12T09:50:32","date_gmt":"2025-02-12T09:50:32","guid":{"rendered":"https:\/\/awwwstore.com\/services\/"},"modified":"2025-05-13T09:00:11","modified_gmt":"2025-05-13T01:00:11","slug":"services","status":"publish","type":"page","link":"https:\/\/awwwstore.com\/fr\/services\/","title":{"rendered":"Services"},"content":{"rendered":"<div class=\"wp-block-uagb-container uagb-layout-grid uagb-block-861c71f8 alignfull uagb-is-root-container\"><div class=\"uagb-container-inner-blocks-wrap\">\n<div class=\"wp-block-uagb-advanced-heading uagb-block-269a3267\"><h1 class=\"uagb-heading-text\">Donner du pouvoir \u00e0 votre magasin \u00e0 un dollar<\/h1><\/div>\n\n\n\n<div class=\"wp-block-uagb-image uagb-block-cc953da3 wp-block-uagb-image--layout-default wp-block-uagb-image--effect-static wp-block-uagb-image--align-none\"><figure class=\"wp-block-uagb-image__figure\"><img decoding=\"async\" srcset=\"https:\/\/awwwstore.com\/wp-content\/uploads\/2025\/02\/pexels-photo-5926462.jpeg ,https:\/\/awwwstore.com\/wp-content\/uploads\/2025\/02\/pexels-photo-5926462.jpeg 780w, https:\/\/awwwstore.com\/wp-content\/uploads\/2025\/02\/pexels-photo-5926462.jpeg 360w\" sizes=\"auto, (max-width: 480px) 150px\" src=\"https:\/\/awwwstore.com\/wp-content\/uploads\/2025\/02\/pexels-photo-5926462.jpeg\" alt=\"\" class=\"uag-image-57\" width=\"800\" height=\"500\" title=\"services-bg\" loading=\"lazy\" role=\"img\"\/><\/figure><\/div>\n<\/div><\/div>\n\n\n\n<div class=\"wp-block-uagb-container uagb-block-8af37a54 alignfull uagb-is-root-container\"><div class=\"uagb-container-inner-blocks-wrap\">\n<div class=\"wp-block-uagb-container uagb-block-65ce5899 alignfull uagb-is-root-container\"><div class=\"uagb-container-inner-blocks-wrap\">\n<div class=\"wp-block-uagb-container uagb-block-1615a228\">\n<div class=\"wp-block-uagb-advanced-heading uagb-block-891dbea5\"><h2 class=\"uagb-heading-text\"><mark style=\"background-color:rgba(0, 0, 0, 0)\" class=\"has-inline-color has-ast-global-color-1-color\">Produit en gros <\/mark><\/h2><\/div>\n\n\n\n<div class=\"wp-block-uagb-icon-list uagb-block-09c717f4\"><div class=\"uagb-icon-list__wrap\">\n<div class=\"wp-block-uagb-icon-list-child uagb-block-c445770d\"><span class=\"uagb-icon-list__source-wrap\"><svg xmlns=\"https:\/\/www.w3.org\/2000\/svg\" viewbox=\"0 0 512 512\"><path d=\"M256 0C114.6 0 0 114.6 0 256c0 141.4 114.6 256 256 256s256-114.6 256-256C512 114.6 397.4 0 256 0zM406.6 278.6l-103.1 103.1c-12.5 12.5-32.75 12.5-45.25 0s-12.5-32.75 0-45.25L306.8 288H128C110.3 288 96 273.7 96 256s14.31-32 32-32h178.8l-49.38-49.38c-12.5-12.5-12.5-32.75 0-45.25s32.75-12.5 45.25 0l103.1 103.1C414.6 241.3 416 251.1 416 256C416 260.9 414.6 270.7 406.6 278.6z\"><\/path><\/svg><\/span><span class=\"uagb-icon-list__label\">MOQ\uff1aMontant de l'achat de <strong>US$2 000<\/strong><\/span><\/div>\n\n\n\n<div class=\"wp-block-uagb-icon-list-child uagb-block-2524b232\"><span class=\"uagb-icon-list__source-wrap\"><svg xmlns=\"https:\/\/www.w3.org\/2000\/svg\" viewbox=\"0 0 512 512\"><path d=\"M256 0C114.6 0 0 114.6 0 256c0 141.4 114.6 256 256 256s256-114.6 256-256C512 114.6 397.4 0 256 0zM406.6 278.6l-103.1 103.1c-12.5 12.5-32.75 12.5-45.25 0s-12.5-32.75 0-45.25L306.8 288H128C110.3 288 96 273.7 96 256s14.31-32 32-32h178.8l-49.38-49.38c-12.5-12.5-12.5-32.75 0-45.25s32.75-12.5 45.25 0l103.1 103.1C414.6 241.3 416 251.1 416 256C416 260.9 414.6 270.7 406.6 278.6z\"><\/path><\/svg><\/span><span class=\"uagb-icon-list__label\">Logistique\uff1aSupport global shipping<\/span><\/div>\n\n\n\n<div class=\"wp-block-uagb-icon-list-child uagb-block-a1ffee0c\"><span class=\"uagb-icon-list__source-wrap\"><svg xmlns=\"https:\/\/www.w3.org\/2000\/svg\" viewbox=\"0 0 512 512\"><path d=\"M256 0C114.6 0 0 114.6 0 256c0 141.4 114.6 256 256 256s256-114.6 256-256C512 114.6 397.4 0 256 0zM406.6 278.6l-103.1 103.1c-12.5 12.5-32.75 12.5-45.25 0s-12.5-32.75 0-45.25L306.8 288H128C110.3 288 96 273.7 96 256s14.31-32 32-32h178.8l-49.38-49.38c-12.5-12.5-12.5-32.75 0-45.25s32.75-12.5 45.25 0l103.1 103.1C414.6 241.3 416 251.1 416 256C416 260.9 414.6 270.7 406.6 278.6z\"><\/path><\/svg><\/span><span class=\"uagb-icon-list__label\">Paiement\uff1a100 USD d'acompte<\/span><\/div>\n<\/div><\/div>\n<\/div>\n\n\n\n<div class=\"wp-block-uagb-container uagb-block-372a0c56\">\n<div class=\"wp-block-uagb-advanced-heading uagb-block-e14f557a\"><h2 class=\"uagb-heading-text\"><mark style=\"background-color:rgba(0, 0, 0, 0)\" class=\"has-inline-color has-ast-global-color-1-color\">Coop\u00e9ration avec les magasins<\/mark><\/h2><\/div>\n\n\n\n<div class=\"wp-block-uagb-icon-list uagb-block-a1242669\"><div class=\"uagb-icon-list__wrap\">\n<div class=\"wp-block-uagb-icon-list-child uagb-block-bb4aa3b8\"><span class=\"uagb-icon-list__source-wrap\"><svg xmlns=\"https:\/\/www.w3.org\/2000\/svg\" viewbox=\"0 0 512 512\"><path d=\"M256 0C114.6 0 0 114.6 0 256c0 141.4 114.6 256 256 256s256-114.6 256-256C512 114.6 397.4 0 256 0zM406.6 278.6l-103.1 103.1c-12.5 12.5-32.75 12.5-45.25 0s-12.5-32.75 0-45.25L306.8 288H128C110.3 288 96 273.7 96 256s14.31-32 32-32h178.8l-49.38-49.38c-12.5-12.5-12.5-32.75 0-45.25s32.75-12.5 45.25 0l103.1 103.1C414.6 241.3 416 251.1 416 256C416 260.9 414.6 270.7 406.6 278.6z\"><\/path><\/svg><\/span><span class=\"uagb-icon-list__label\">MOQ\uff1aQualit\u00e9 d'achat pour<strong> Un conteneur<\/strong><\/span><\/div>\n\n\n\n<div class=\"wp-block-uagb-icon-list-child uagb-block-c780c365\"><span class=\"uagb-icon-list__source-wrap\"><svg xmlns=\"https:\/\/www.w3.org\/2000\/svg\" viewbox=\"0 0 512 512\"><path d=\"M256 0C114.6 0 0 114.6 0 256c0 141.4 114.6 256 256 256s256-114.6 256-256C512 114.6 397.4 0 256 0zM406.6 278.6l-103.1 103.1c-12.5 12.5-32.75 12.5-45.25 0s-12.5-32.75 0-45.25L306.8 288H128C110.3 288 96 273.7 96 256s14.31-32 32-32h178.8l-49.38-49.38c-12.5-12.5-12.5-32.75 0-45.25s32.75-12.5 45.25 0l103.1 103.1C414.6 241.3 416 251.1 416 256C416 260.9 414.6 270.7 406.6 278.6z\"><\/path><\/svg><\/span><span class=\"uagb-icon-list__label\">Logistique\uff1aSupport global shipping<\/span><\/div>\n\n\n\n<div class=\"wp-block-uagb-icon-list-child uagb-block-aa7debce\"><span class=\"uagb-icon-list__source-wrap\"><svg xmlns=\"https:\/\/www.w3.org\/2000\/svg\" viewbox=\"0 0 512 512\"><path d=\"M256 0C114.6 0 0 114.6 0 256c0 141.4 114.6 256 256 256s256-114.6 256-256C512 114.6 397.4 0 256 0zM406.6 278.6l-103.1 103.1c-12.5 12.5-32.75 12.5-45.25 0s-12.5-32.75 0-45.25L306.8 288H128C110.3 288 96 273.7 96 256s14.31-32 32-32h178.8l-49.38-49.38c-12.5-12.5-12.5-32.75 0-45.25s32.75-12.5 45.25 0l103.1 103.1C414.6 241.3 416 251.1 416 256C416 260.9 414.6 270.7 406.6 278.6z\"><\/path><\/svg><\/span><span class=\"uagb-icon-list__label\">Paiement\uff1a500 USD d'acompte<\/span><\/div>\n<\/div><\/div>\n<\/div>\n<\/div><\/div>\n\n\n\n<div class=\"wp-block-uagb-container uagb-layout-grid uagb-block-818f42b1\">\n<div class=\"wp-block-uagb-image uagb-block-9ae967e7 wp-block-uagb-image--layout-default wp-block-uagb-image--effect-static wp-block-uagb-image--align-none\"><figure class=\"wp-block-uagb-image__figure\"><img decoding=\"async\" srcset=\"https:\/\/awwwstore.com\/wp-content\/uploads\/2025\/02\/pexels-photo-11835349.jpeg ,https:\/\/awwwstore.com\/wp-content\/uploads\/2025\/02\/pexels-photo-11835349.jpeg 780w, https:\/\/awwwstore.com\/wp-content\/uploads\/2025\/02\/pexels-photo-11835349.jpeg 360w\" sizes=\"auto, (max-width: 480px) 150px\" src=\"https:\/\/awwwstore.com\/wp-content\/uploads\/2025\/02\/pexels-photo-11835349.jpeg\" alt=\"\" class=\"uag-image-58\" width=\"570\" height=\"450\" title=\"services-01\" loading=\"lazy\" role=\"img\"\/><\/figure><\/div>\n\n\n\n<div class=\"wp-block-uagb-info-box uagb-block-3954de6a uagb-infobox__content-wrap  uagb-infobox-icon-above-title uagb-infobox-image-valign-top\"><div class=\"uagb-ifb-content\"><div class=\"uagb-ifb-title-wrap\"><span class=\"uagb-ifb-title-prefix\">01<\/span><h2 class=\"uagb-ifb-title\">Catalogue complet de produits<\/h2><\/div><p class=\"uagb-ifb-desc\">Acc\u00e9dez \u00e0 plus de 30 000 produits abordables \u00e0 des prix de gros inf\u00e9rieurs \u00e0 $0.30, pour vous assurer que vous avez tout ce qu'il faut pour approvisionner votre magasin de mani\u00e8re rentable et attrayante.<\/p><\/div><\/div>\n<\/div>\n\n\n\n<div class=\"wp-block-uagb-container uagb-layout-grid uagb-block-caf64204\">\n<div class=\"wp-block-uagb-info-box uagb-block-967b25d2 uagb-infobox__content-wrap  uagb-infobox-icon-above-title uagb-infobox-image-valign-top\"><div class=\"uagb-ifb-content\"><div class=\"uagb-ifb-title-wrap\"><span class=\"uagb-ifb-title-prefix\">02<\/span><h2 class=\"uagb-ifb-title\">Conception de magasins par des experts<\/h2><\/div><p class=\"uagb-ifb-desc\">Tirez parti de nos services d'experts en conception de magasins pour cr\u00e9er un am\u00e9nagement invitant et efficace qui maximise l'engagement des clients et stimule les ventes dans votre magasin \u00e0 un dollar.<\/p><\/div><\/div>\n\n\n\n<div class=\"wp-block-uagb-image uagb-block-422c118e wp-block-uagb-image--layout-default wp-block-uagb-image--effect-static wp-block-uagb-image--align-none\"><figure class=\"wp-block-uagb-image__figure\"><img decoding=\"async\" srcset=\"https:\/\/awwwstore.com\/wp-content\/uploads\/2025\/02\/pexels-photo-7413915.jpeg ,https:\/\/awwwstore.com\/wp-content\/uploads\/2025\/02\/pexels-photo-7413915.jpeg 780w, https:\/\/awwwstore.com\/wp-content\/uploads\/2025\/02\/pexels-photo-7413915.jpeg 360w\" sizes=\"auto, (max-width: 480px) 150px\" src=\"https:\/\/awwwstore.com\/wp-content\/uploads\/2025\/02\/pexels-photo-7413915.jpeg\" alt=\"\" class=\"uag-image-59\" width=\"570\" height=\"450\" title=\"services-02\" loading=\"lazy\" role=\"img\"\/><\/figure><\/div>\n<\/div>\n\n\n\n<div class=\"wp-block-uagb-container uagb-layout-grid uagb-block-57ffcd2c\">\n<div class=\"wp-block-uagb-image uagb-block-b16c0ec0 wp-block-uagb-image--layout-default wp-block-uagb-image--effect-static wp-block-uagb-image--align-none\"><figure class=\"wp-block-uagb-image__figure\"><img decoding=\"async\" srcset=\"https:\/\/awwwstore.com\/wp-content\/uploads\/2025\/02\/pexels-photo-7552374.jpeg ,https:\/\/awwwstore.com\/wp-content\/uploads\/2025\/02\/pexels-photo-7552374.jpeg 780w, https:\/\/awwwstore.com\/wp-content\/uploads\/2025\/02\/pexels-photo-7552374.jpeg 360w\" sizes=\"auto, (max-width: 480px) 150px\" src=\"https:\/\/awwwstore.com\/wp-content\/uploads\/2025\/02\/pexels-photo-7552374.jpeg\" alt=\"\" class=\"uag-image-60\" width=\"570\" height=\"450\" title=\"services-03\" loading=\"lazy\" role=\"img\"\/><\/figure><\/div>\n\n\n\n<div class=\"wp-block-uagb-info-box uagb-block-cc1b40c6 uagb-infobox__content-wrap  uagb-infobox-icon-above-title uagb-infobox-image-valign-top\"><div class=\"uagb-ifb-content\"><div class=\"uagb-ifb-title-wrap\"><span class=\"uagb-ifb-title-prefix\">03<\/span><h2 class=\"uagb-ifb-title\">Un syst\u00e8me de franchise \u00e9prouv\u00e9<\/h2><\/div><p class=\"uagb-ifb-desc\">Rejoignez un syst\u00e8me de franchise digne de confiance qui compte plus de 3 000 magasins prosp\u00e8res dans le monde entier, vous offrant un solide r\u00e9seau de soutien et des strat\u00e9gies \u00e9prouv\u00e9es pour r\u00e9ussir en affaires.<\/p><\/div><\/div>\n<\/div>\n\n\n\n<div class=\"wp-block-uagb-container uagb-layout-grid uagb-block-f40a1112\">\n<div class=\"wp-block-uagb-info-box uagb-block-56eb3b14 uagb-infobox__content-wrap  uagb-infobox-icon-above-title uagb-infobox-image-valign-top\"><div class=\"uagb-ifb-content\"><div class=\"uagb-ifb-title-wrap\"><span class=\"uagb-ifb-title-prefix\">04<\/span><h2 class=\"uagb-ifb-title\">R\u00e9seau mondial de soutien<\/h2><\/div><p class=\"uagb-ifb-desc\">B\u00e9n\u00e9ficiez de notre r\u00e9seau d'assistance complet disponible en Afrique, en Am\u00e9rique latine, au Moyen-Orient, en Europe et aux \u00c9tats-Unis, qui vous aide \u00e0 chaque \u00e9tape du processus.<\/p><\/div><\/div>\n\n\n\n<div class=\"wp-block-uagb-image uagb-block-384a87e9 wp-block-uagb-image--layout-default wp-block-uagb-image--effect-static wp-block-uagb-image--align-none\"><figure class=\"wp-block-uagb-image__figure\"><img decoding=\"async\" srcset=\"https:\/\/awwwstore.com\/wp-content\/uploads\/2025\/02\/pexels-photo-3427609.jpeg ,https:\/\/awwwstore.com\/wp-content\/uploads\/2025\/02\/pexels-photo-3427609.jpeg 780w, https:\/\/awwwstore.com\/wp-content\/uploads\/2025\/02\/pexels-photo-3427609.jpeg 360w\" sizes=\"auto, (max-width: 480px) 150px\" src=\"https:\/\/awwwstore.com\/wp-content\/uploads\/2025\/02\/pexels-photo-3427609.jpeg\" alt=\"\" class=\"uag-image-61\" width=\"570\" height=\"450\" title=\"services-04\" loading=\"lazy\" role=\"img\"\/><\/figure><\/div>\n<\/div>\n<\/div><\/div>\n\n\n\n<div class=\"wp-block-uagb-container uagb-block-283d2971 alignfull uagb-is-root-container\"><div class=\"uagb-container-inner-blocks-wrap\">\n<div class=\"wp-block-uagb-info-box uagb-block-82d1d57c uagb-infobox__content-wrap  uagb-infobox-icon-above-title uagb-infobox-image-valign-top\"><div class=\"uagb-ifb-content\"><div class=\"uagb-ifb-title-wrap\"><h2 class=\"uagb-ifb-title\">Commencez d\u00e8s aujourd'hui votre voyage vers la r\u00e9ussite commerciale !<\/h2><\/div><p class=\"uagb-ifb-desc\">Rejoignez les rangs des entrepreneurs qui r\u00e9ussissent gr\u00e2ce au soutien et aux ressources in\u00e9gal\u00e9s d'AwwwStore.<\/p><div class=\"uagb-ifb-button-wrapper wp-block-button\"><a href=\"\/fr\/contact\/\" class=\"uagb-infobox-cta-link wp-block-button__link\" target=\"_self\" rel=\"noopener noreferrer\" onclick=\"return true;\"><span class=\"uagb-inline-editing\">Commencer<\/span><\/a><\/div><\/div><\/div>\n<\/div><\/div>","protected":false},"excerpt":{"rendered":"<p>Empowering Your One-Dollar Store Journey Product wholesale Store cooperation<\/p>","protected":false},"author":1,"featured_media":0,"parent":0,"menu_order":0,"comment_status":"closed","ping_status":"closed","template":"","meta":{"_uag_custom_page_level_css":"","site-sidebar-layout":"default","site-content-layout":"","ast-site-content-layout":"default","site-content-style":"default","site-sidebar-style":"default","ast-global-header-display":"","ast-banner-title-visibility":"","ast-main-header-display":"","ast-hfb-above-header-display":"","ast-hfb-below-header-display":"","ast-hfb-mobile-header-display":"","site-post-title":"disabled","ast-breadcrumbs-content":"","ast-featured-img":"","footer-sml-layout":"","ast-disable-related-posts":"","theme-transparent-header-meta":"","adv-header-id-meta":"","stick-header-meta":"","header-above-stick-meta":"","header-main-stick-meta":"","header-below-stick-meta":"","astra-migrate-meta-layouts":"default","ast-page-background-enabled":"default","ast-page-background-meta":{"desktop":{"background-color":"var(--ast-global-color-4)","background-image":"","background-repeat":"repeat","background-position":"center center","background-size":"auto","background-attachment":"scroll","background-type":"","background-media":"","overlay-type":"","overlay-color":"","overlay-opacity":"","overlay-gradient":""},"tablet":{"background-color":"","background-image":"","background-repeat":"repeat","background-position":"center center","background-size":"auto","background-attachment":"scroll","background-type":"","background-media":"","overlay-type":"","overlay-color":"","overlay-opacity":"","overlay-gradient":""},"mobile":{"background-color":"","background-image":"","background-repeat":"repeat","background-position":"center center","background-size":"auto","background-attachment":"scroll","background-type":"","background-media":"","overlay-type":"","overlay-color":"","overlay-opacity":"","overlay-gradient":""}},"ast-content-background-meta":{"desktop":{"background-color":"var(--ast-global-color-5)","background-image":"","background-repeat":"repeat","background-position":"center center","background-size":"auto","background-attachment":"scroll","background-type":"","background-media":"","overlay-type":"","overlay-color":"","overlay-opacity":"","overlay-gradient":""},"tablet":{"background-color":"var(--ast-global-color-5)","background-image":"","background-repeat":"repeat","background-position":"center center","background-size":"auto","background-attachment":"scroll","background-type":"","background-media":"","overlay-type":"","overlay-color":"","overlay-opacity":"","overlay-gradient":""},"mobile":{"background-color":"var(--ast-global-color-5)","background-image":"","background-repeat":"repeat","background-position":"center center","background-size":"auto","background-attachment":"scroll","background-type":"","background-media":"","overlay-type":"","overlay-color":"","overlay-opacity":"","overlay-gradient":""}},"footnotes":""},"class_list":["post-22","page","type-page","status-publish","hentry"],"_hostinger_reach_plugin_has_subscription_block":false,"_hostinger_reach_plugin_is_elementor":false,"uagb_featured_image_src":{"full":false,"thumbnail":false,"medium":false,"medium_large":false,"large":false,"1536x1536":false,"2048x2048":false,"trp-custom-language-flag":false},"uagb_author_info":{"display_name":"awwwstore","author_link":"https:\/\/awwwstore.com\/fr\/author\/baiduboygmail-com\/"},"uagb_comment_info":0,"uagb_excerpt":"Empowering Your One-Dollar Store Journey Product wholesale Store cooperation","_links":{"self":[{"href":"https:\/\/awwwstore.com\/fr\/wp-json\/wp\/v2\/pages\/22","targetHints":{"allow":["GET"]}}],"collection":[{"href":"https:\/\/awwwstore.com\/fr\/wp-json\/wp\/v2\/pages"}],"about":[{"href":"https:\/\/awwwstore.com\/fr\/wp-json\/wp\/v2\/types\/page"}],"author":[{"embeddable":true,"href":"https:\/\/awwwstore.com\/fr\/wp-json\/wp\/v2\/users\/1"}],"replies":[{"embeddable":true,"href":"https:\/\/awwwstore.com\/fr\/wp-json\/wp\/v2\/comments?post=22"}],"version-history":[{"count":6,"href":"https:\/\/awwwstore.com\/fr\/wp-json\/wp\/v2\/pages\/22\/revisions"}],"predecessor-version":[{"id":839,"href":"https:\/\/awwwstore.com\/fr\/wp-json\/wp\/v2\/pages\/22\/revisions\/839"}],"wp:attachment":[{"href":"https:\/\/awwwstore.com\/fr\/wp-json\/wp\/v2\/media?parent=22"}],"curies":[{"name":"wp","href":"https:\/\/api.w.org\/{rel}","templated":true}]}}