{"id":659,"date":"2025-04-03T10:45:04","date_gmt":"2025-04-03T02:45:04","guid":{"rendered":"https:\/\/awwwstore.com\/?page_id=659"},"modified":"2025-11-06T11:31:39","modified_gmt":"2025-11-06T03:31:39","slug":"how-to-work","status":"publish","type":"page","link":"https:\/\/awwwstore.com\/fr\/how-to-work\/","title":{"rendered":"Comment travailler"},"content":{"rendered":"<div class=\"wp-block-uagb-container uagb-layout-grid uagb-block-861c71f8 alignfull uagb-is-root-container\"><div class=\"uagb-container-inner-blocks-wrap\">\n<div class=\"wp-block-uagb-advanced-heading uagb-block-269a3267\"><h1 class=\"uagb-heading-text\">Processus de coop\u00e9ration entre magasins de d\u00e9tail<\/h1><\/div>\n\n\n\n<figure class=\"wp-block-embed is-type-video is-provider-youtube wp-block-embed-youtube wp-embed-aspect-16-9 wp-has-aspect-ratio\"><div class=\"wp-block-embed__wrapper\">\n<iframe loading=\"lazy\" title=\"Le processus complet d&#039;un magasin \u00e0 un dollar !\" width=\"500\" height=\"281\" src=\"https:\/\/www.youtube.com\/embed\/KFt45BNM0p8?feature=oembed\" frameborder=\"0\" allow=\"accelerometer; autoplay; clipboard-write; encrypted-media; gyroscope; picture-in-picture; web-share\" referrerpolicy=\"strict-origin-when-cross-origin\" allowfullscreen><\/iframe>\n<\/div><\/figure>\n<\/div><\/div>\n\n\n\n<div class=\"wp-block-uagb-container uagb-block-65ce5899 alignfull uagb-is-root-container\"><div class=\"uagb-container-inner-blocks-wrap\">\n<div class=\"wp-block-uagb-container uagb-block-1615a228\">\n<div class=\"wp-block-uagb-advanced-heading uagb-block-891dbea5\"><h2 class=\"uagb-heading-text\"><mark style=\"background-color:rgba(0, 0, 0, 0)\" class=\"has-inline-color has-ast-global-color-1-color\">1 Mod\u00e8le de produit en gros<\/mark><\/h2><\/div>\n\n\n\n<div class=\"wp-block-uagb-icon-list uagb-block-09c717f4\"><div class=\"uagb-icon-list__wrap\">\n<div class=\"wp-block-uagb-icon-list-child uagb-block-c445770d\"><span class=\"uagb-icon-list__source-wrap\"><svg xmlns=\"https:\/\/www.w3.org\/2000\/svg\" viewbox=\"0 0 512 512\"><path d=\"M256 0C114.6 0 0 114.6 0 256c0 141.4 114.6 256 256 256s256-114.6 256-256C512 114.6 397.4 0 256 0zM406.6 278.6l-103.1 103.1c-12.5 12.5-32.75 12.5-45.25 0s-12.5-32.75 0-45.25L306.8 288H128C110.3 288 96 273.7 96 256s14.31-32 32-32h178.8l-49.38-49.38c-12.5-12.5-12.5-32.75 0-45.25s32.75-12.5 45.25 0l103.1 103.1C414.6 241.3 416 251.1 416 256C416 260.9 414.6 270.7 406.6 278.6z\"><\/path><\/svg><\/span><span class=\"uagb-icon-list__label\">MOQ\uff1aMontant de l'achat de <strong>US$2 000<\/strong><\/span><\/div>\n\n\n\n<div class=\"wp-block-uagb-icon-list-child uagb-block-2524b232\"><span class=\"uagb-icon-list__source-wrap\"><svg xmlns=\"https:\/\/www.w3.org\/2000\/svg\" viewbox=\"0 0 512 512\"><path d=\"M256 0C114.6 0 0 114.6 0 256c0 141.4 114.6 256 256 256s256-114.6 256-256C512 114.6 397.4 0 256 0zM406.6 278.6l-103.1 103.1c-12.5 12.5-32.75 12.5-45.25 0s-12.5-32.75 0-45.25L306.8 288H128C110.3 288 96 273.7 96 256s14.31-32 32-32h178.8l-49.38-49.38c-12.5-12.5-12.5-32.75 0-45.25s32.75-12.5 45.25 0l103.1 103.1C414.6 241.3 416 251.1 416 256C416 260.9 414.6 270.7 406.6 278.6z\"><\/path><\/svg><\/span><span class=\"uagb-icon-list__label\">Logistique\uff1aSupport global shipping<\/span><\/div>\n\n\n\n<div class=\"wp-block-uagb-icon-list-child uagb-block-a1ffee0c\"><span class=\"uagb-icon-list__source-wrap\"><svg xmlns=\"https:\/\/www.w3.org\/2000\/svg\" viewbox=\"0 0 512 512\"><path d=\"M256 0C114.6 0 0 114.6 0 256c0 141.4 114.6 256 256 256s256-114.6 256-256C512 114.6 397.4 0 256 0zM406.6 278.6l-103.1 103.1c-12.5 12.5-32.75 12.5-45.25 0s-12.5-32.75 0-45.25L306.8 288H128C110.3 288 96 273.7 96 256s14.31-32 32-32h178.8l-49.38-49.38c-12.5-12.5-12.5-32.75 0-45.25s32.75-12.5 45.25 0l103.1 103.1C414.6 241.3 416 251.1 416 256C416 260.9 414.6 270.7 406.6 278.6z\"><\/path><\/svg><\/span><span class=\"uagb-icon-list__label\">Paiement\uff1a100 USD d'acompte<\/span><\/div>\n<\/div><\/div>\n<\/div>\n\n\n\n<div class=\"wp-block-uagb-container uagb-block-372a0c56\">\n<div class=\"wp-block-uagb-advanced-heading uagb-block-e14f557a\"><h2 class=\"uagb-heading-text\"><mark style=\"background-color:rgba(0, 0, 0, 0)\" class=\"has-inline-color has-ast-global-color-1-color\">2 Mod\u00e8le de coop\u00e9ration entre magasins<\/mark><\/h2><\/div>\n\n\n\n<div class=\"wp-block-uagb-icon-list uagb-block-a1242669\"><div class=\"uagb-icon-list__wrap\">\n<div class=\"wp-block-uagb-icon-list-child uagb-block-bb4aa3b8\"><span class=\"uagb-icon-list__source-wrap\"><svg xmlns=\"https:\/\/www.w3.org\/2000\/svg\" viewbox=\"0 0 512 512\"><path d=\"M256 0C114.6 0 0 114.6 0 256c0 141.4 114.6 256 256 256s256-114.6 256-256C512 114.6 397.4 0 256 0zM406.6 278.6l-103.1 103.1c-12.5 12.5-32.75 12.5-45.25 0s-12.5-32.75 0-45.25L306.8 288H128C110.3 288 96 273.7 96 256s14.31-32 32-32h178.8l-49.38-49.38c-12.5-12.5-12.5-32.75 0-45.25s32.75-12.5 45.25 0l103.1 103.1C414.6 241.3 416 251.1 416 256C416 260.9 414.6 270.7 406.6 278.6z\"><\/path><\/svg><\/span><span class=\"uagb-icon-list__label\">MOQ\uff1aQualit\u00e9 d'achat pour<strong> Un conteneur<\/strong><\/span><\/div>\n\n\n\n<div class=\"wp-block-uagb-icon-list-child uagb-block-c780c365\"><span class=\"uagb-icon-list__source-wrap\"><svg xmlns=\"https:\/\/www.w3.org\/2000\/svg\" viewbox=\"0 0 512 512\"><path d=\"M256 0C114.6 0 0 114.6 0 256c0 141.4 114.6 256 256 256s256-114.6 256-256C512 114.6 397.4 0 256 0zM406.6 278.6l-103.1 103.1c-12.5 12.5-32.75 12.5-45.25 0s-12.5-32.75 0-45.25L306.8 288H128C110.3 288 96 273.7 96 256s14.31-32 32-32h178.8l-49.38-49.38c-12.5-12.5-12.5-32.75 0-45.25s32.75-12.5 45.25 0l103.1 103.1C414.6 241.3 416 251.1 416 256C416 260.9 414.6 270.7 406.6 278.6z\"><\/path><\/svg><\/span><span class=\"uagb-icon-list__label\">Logistique\uff1aSupport global shipping<\/span><\/div>\n\n\n\n<div class=\"wp-block-uagb-icon-list-child uagb-block-aa7debce\"><span class=\"uagb-icon-list__source-wrap\"><svg xmlns=\"https:\/\/www.w3.org\/2000\/svg\" viewbox=\"0 0 512 512\"><path d=\"M256 0C114.6 0 0 114.6 0 256c0 141.4 114.6 256 256 256s256-114.6 256-256C512 114.6 397.4 0 256 0zM406.6 278.6l-103.1 103.1c-12.5 12.5-32.75 12.5-45.25 0s-12.5-32.75 0-45.25L306.8 288H128C110.3 288 96 273.7 96 256s14.31-32 32-32h178.8l-49.38-49.38c-12.5-12.5-12.5-32.75 0-45.25s32.75-12.5 45.25 0l103.1 103.1C414.6 241.3 416 251.1 416 256C416 260.9 414.6 270.7 406.6 278.6z\"><\/path><\/svg><\/span><span class=\"uagb-icon-list__label\">Paiement\uff1a500 USD d'acompte<\/span><\/div>\n<\/div><\/div>\n<\/div>\n<\/div><\/div>\n\n\n\n<div class=\"wp-block-uagb-container uagb-block-8af37a54 alignfull uagb-is-root-container\"><div class=\"uagb-container-inner-blocks-wrap\">\n<div class=\"wp-block-uagb-container uagb-layout-grid uagb-block-818f42b1\">\n<div class=\"wp-block-uagb-image uagb-block-9ae967e7 wp-block-uagb-image--layout-default wp-block-uagb-image--effect-static wp-block-uagb-image--align-none\"><figure class=\"wp-block-uagb-image__figure\"><img decoding=\"async\" srcset=\"https:\/\/awwwstore.com\/wp-content\/uploads\/2025\/03\/One-Dollar.jpg ,https:\/\/awwwstore.com\/wp-content\/uploads\/2025\/03\/One-Dollar.jpg 780w, https:\/\/awwwstore.com\/wp-content\/uploads\/2025\/03\/One-Dollar.jpg 360w\" sizes=\"auto, (max-width: 480px) 150px\" src=\"https:\/\/awwwstore.com\/wp-content\/uploads\/2025\/03\/One-Dollar.jpg\" alt=\"\" class=\"uag-image-491\" width=\"570\" height=\"450\" title=\"Un dollar\" loading=\"lazy\" role=\"img\"\/><\/figure><\/div>\n\n\n\n<div class=\"wp-block-uagb-info-box uagb-block-3954de6a uagb-infobox__content-wrap  uagb-infobox-icon-above-title uagb-infobox-image-valign-top\"><div class=\"uagb-ifb-content\"><div class=\"uagb-ifb-title-wrap\"><span class=\"uagb-ifb-title-prefix\"><strong>01<\/strong><\/span><h2 class=\"uagb-ifb-title\"><strong>D\u00e9marrage rapide : Ma\u00eetriser le cadre en 5 minutes<\/strong><\/h2><\/div><p class=\"uagb-ifb-desc\">Site officiel S\u00e9lection des produits \u2192 Activation du compte \u2192 Soutien \u00e0 la communaut\u00e9 \u2192 Ex\u00e9cution des achats \u2192 Assistance au lancement du magasin<br><br><em>Processus enti\u00e8rement num\u00e9ris\u00e9, d\u00e9but des achats transfrontaliers dans les 72 heures<\/em><\/p><\/div><\/div>\n<\/div>\n\n\n\n<div class=\"wp-block-uagb-container uagb-layout-grid uagb-block-caf64204\">\n<div class=\"wp-block-uagb-info-box uagb-block-967b25d2 uagb-infobox__content-wrap  uagb-infobox-icon-above-title uagb-infobox-image-valign-top\"><div class=\"uagb-ifb-content\"><div class=\"uagb-ifb-title-wrap\"><span class=\"uagb-ifb-title-prefix\"><br><br>02<\/span><h2 class=\"uagb-ifb-title\"><strong>Guide \u00e9tape par \u00e9tape<\/strong><\/h2><\/div><p class=\"uagb-ifb-desc\"><strong>1. Syst\u00e8me de catalogue de produits<\/strong><br><br><strong>Acc\u00e8s \u00e0 l'entr\u00e9e<\/strong>: - Desktop : Visiter <a href=\"https:\/\/awwwstore.com\/fr\/\">www.awwwstore.com<\/a> \u2192 Cliquez sur le bouton <strong>[<a href=\"https:\/\/onedollar.awwwbuy.com\/#\/home\"><mark style=\"background-color:rgba(0, 0, 0, 0)\" class=\"has-inline-color has-ast-global-color-1-color\">Catalogue<\/mark><\/a>]<\/strong> en haut de la page<br><br><strong>Caract\u00e9ristiques principales<\/strong>Les filtres intelligents (par cat\u00e9gorie\/poids\/popularit\u00e9) : \u2705 Multi-langues (espagnol\/anglais\/arabe) \u2705 Filtres intelligents (par cat\u00e9gorie\/poids\/popularit\u00e9)<br><br><strong>Mises \u00e0 jour des donn\u00e9es<\/strong>: Des centaines de nouveaux produits ajout\u00e9s quotidiennement<br><br><strong>2. M\u00e9canisme de tarification<\/strong><br><br><strong>Prix des produits<\/strong>Tous les articles dont le prix est compris entre <strong>$0.2-$0.4\/piece<\/strong> (tarifs d\u00e9taill\u00e9s visibles apr\u00e8s l'activation du compte)<br><br><strong>Tarification diff\u00e9renci\u00e9e<\/strong>: <br><strong>Commande minimale de gros<\/strong> : $2,000+<br><br><strong>Clients des chargements complets de conteneurs (FCL)<\/strong>: B\u00e9n\u00e9ficiez de tarifs r\u00e9duits exclusifs<br><br><strong>Pour les achats inf\u00e9rieurs \u00e0 $1 000 :<\/strong><br>Il est recommand\u00e9 de se rendre directement sur <a href=\"https:\/\/www.awwwbuy.com\/\"><mark style=\"background-color:rgba(0, 0, 0, 0)\" class=\"has-inline-color has-ast-global-color-1-color\">awwwbuy.com<\/mark><\/a> pour passer une commande.<br><br><strong>3. Activation du compte de l'entreprise<\/strong><br><br><strong>1. L'inscription<\/strong>: Contactez le service client\u00e8le pour activer<br><strong>2. D\u00e9p\u00f4t de garantie<\/strong>: - Payer un <strong>$100 d\u00e9p\u00f4t remboursable<\/strong> (via PayPal\/virement bancaire)<br><strong>3. mode de paiement : <\/strong> <a href=\"https:\/\/www.awwwbuy.com\/en_US\/goods_info?keyword=917609571193&amp;platform=taobao\"><mark style=\"background-color:rgba(0, 0, 0, 0);color:#ff6900\" class=\"has-inline-color\">Lien de paiement de 100 USD\uff08Pay Per Click\uff09<\/mark><\/a><br><br><\/p><\/div><\/div>\n\n\n\n<div class=\"wp-block-uagb-image uagb-block-422c118e wp-block-uagb-image--layout-default wp-block-uagb-image--effect-static wp-block-uagb-image--align-none\"><figure class=\"wp-block-uagb-image__figure\"><img decoding=\"async\" srcset=\"https:\/\/awwwstore.com\/wp-content\/uploads\/2025\/03\/image97880TZmE4YW174288274158836221420250303060541.jpg ,https:\/\/awwwstore.com\/wp-content\/uploads\/2025\/03\/image97880TZmE4YW174288274158836221420250303060541.jpg 780w, https:\/\/awwwstore.com\/wp-content\/uploads\/2025\/03\/image97880TZmE4YW174288274158836221420250303060541.jpg 360w\" sizes=\"auto, (max-width: 480px) 150px\" src=\"https:\/\/awwwstore.com\/wp-content\/uploads\/2025\/03\/image97880TZmE4YW174288274158836221420250303060541.jpg\" alt=\"\" class=\"uag-image-570\" width=\"570\" height=\"450\" title=\"image97880TZmE4YW174288274158836221420250303060541\" loading=\"lazy\" role=\"img\"\/><\/figure><\/div>\n<\/div>\n\n\n\n<div class=\"wp-block-uagb-container uagb-layout-grid uagb-block-57ffcd2c\">\n<div class=\"wp-block-uagb-image uagb-block-b16c0ec0 wp-block-uagb-image--layout-default wp-block-uagb-image--effect-static wp-block-uagb-image--align-none\"><figure class=\"wp-block-uagb-image__figure\"><img decoding=\"async\" srcset=\"https:\/\/awwwstore.com\/wp-content\/uploads\/2025\/03\/image643452TZmE4YW174244119688977895320250303032636-1.jpg ,https:\/\/awwwstore.com\/wp-content\/uploads\/2025\/03\/image643452TZmE4YW174244119688977895320250303032636-1.jpg 780w, https:\/\/awwwstore.com\/wp-content\/uploads\/2025\/03\/image643452TZmE4YW174244119688977895320250303032636-1.jpg 360w\" sizes=\"auto, (max-width: 480px) 150px\" src=\"https:\/\/awwwstore.com\/wp-content\/uploads\/2025\/03\/image643452TZmE4YW174244119688977895320250303032636-1.jpg\" alt=\"\" class=\"uag-image-558\" width=\"570\" height=\"450\" title=\"image643452TZmE4YW174244119688977895320250303032636\" loading=\"lazy\" role=\"img\"\/><\/figure><\/div>\n\n\n\n<div class=\"wp-block-uagb-info-box uagb-block-cc1b40c6 uagb-infobox__content-wrap  uagb-infobox-icon-above-title uagb-infobox-image-valign-top\"><div class=\"uagb-ifb-content\"><div class=\"uagb-ifb-title-wrap\"><span class=\"uagb-ifb-title-prefix\">03<\/span><h2 class=\"uagb-ifb-title\"><strong><strong>Autonomisation des communaut\u00e9s<\/strong><\/strong><\/h2><\/div><p class=\"uagb-ifb-desc\"><strong>WhatsApp Core Community Benefits<\/strong><br><br><strong>Comment s'inscrire<\/strong>: Contactez votre gestionnaire de compte pour obtenir un lien d'invitation<br><br><br><\/p><\/div><\/div>\n<\/div>\n\n\n\n<p><\/p>\n\n\n\n<figure class=\"wp-block-table alignfull\"><table class=\"has-fixed-layout\"><tbody><tr><td><strong>Module de service<\/strong><\/td><td><strong>Privil\u00e8ges<\/strong><\/td><\/tr><tr><td><strong>L'usine en direct<\/strong><\/td><td>Visites hebdomadaires de la base de production de Yiwu (avec inspection de la qualit\u00e9 en temps r\u00e9el)<\/td><\/tr><tr><td><strong>Cours d'experts<\/strong><\/td><td>S\u00e9ances de formation mensuelles \"Comment g\u00e9rer un magasin \u00e0 un dollar\".<\/td><\/tr><tr><td><strong>Discussions quotidiennes<\/strong><\/td><td>Communication 24 heures sur 24 et 7 jours sur 7 sur les activit\u00e9s du magasin et les meilleures pratiques<\/td><\/tr><\/tbody><\/table><\/figure>\n\n\n\n<div class=\"wp-block-uagb-container uagb-layout-grid uagb-block-f40a1112\">\n<div class=\"wp-block-uagb-info-box uagb-block-56eb3b14 uagb-infobox__content-wrap  uagb-infobox-icon-above-title uagb-infobox-image-valign-top\"><div class=\"uagb-ifb-content\"><div class=\"uagb-ifb-title-wrap\"><span class=\"uagb-ifb-title-prefix\">04<\/span><h2 class=\"uagb-ifb-title\"><strong><strong>Processus de passation de march\u00e9s<\/strong><\/strong><\/h2><\/div><p class=\"uagb-ifb-desc\">1. <strong>Gestion des paniers<\/strong>Les produits peuvent \u00eatre s\u00e9lectionn\u00e9s en ligne ou par l'interm\u00e9diaire d'un site web ou d'un site web de l'UE. <strong>achat assist\u00e9 par vid\u00e9o<\/strong><br><br>2. <strong>S\u00e9curit\u00e9 des paiements<\/strong>Les paiements sont transf\u00e9r\u00e9s sur le compte de l'entreprise apr\u00e8s la finalisation des s\u00e9lections.<br><br>3.<strong> Options logistiques<\/strong>Les services logistiques : - Utilisez votre fournisseur de services logistiques pr\u00e9f\u00e9r\u00e9 <strong>OU<\/strong> nos transporteurs mondiaux partenaires<br><br><\/p><\/div><\/div>\n\n\n\n<div class=\"wp-block-uagb-image uagb-block-384a87e9 wp-block-uagb-image--layout-default wp-block-uagb-image--effect-static wp-block-uagb-image--align-none\"><figure class=\"wp-block-uagb-image__figure\"><img decoding=\"async\" srcset=\"https:\/\/awwwstore.com\/wp-content\/uploads\/2025\/03\/image451225TZmE4YW174304684489585527720250303034044.jpg ,https:\/\/awwwstore.com\/wp-content\/uploads\/2025\/03\/image451225TZmE4YW174304684489585527720250303034044.jpg 780w, https:\/\/awwwstore.com\/wp-content\/uploads\/2025\/03\/image451225TZmE4YW174304684489585527720250303034044.jpg 360w\" sizes=\"auto, (max-width: 480px) 150px\" src=\"https:\/\/awwwstore.com\/wp-content\/uploads\/2025\/03\/image451225TZmE4YW174304684489585527720250303034044.jpg\" alt=\"\" class=\"uag-image-595\" width=\"570\" height=\"450\" title=\"image451225TZmE4YW174304684489585527720250303034044\" loading=\"lazy\" role=\"img\"\/><\/figure><\/div>\n<\/div>\n\n\n\n<div class=\"wp-block-uagb-container uagb-layout-grid uagb-block-e50e8723\">\n<div class=\"wp-block-uagb-image uagb-block-5788e355 wp-block-uagb-image--layout-default wp-block-uagb-image--effect-static wp-block-uagb-image--align-none\"><figure class=\"wp-block-uagb-image__figure\"><img decoding=\"async\" srcset=\"https:\/\/awwwstore.com\/wp-content\/uploads\/2025\/03\/image8124TZmE4YW174340248405420312320250303062804.jpg ,https:\/\/awwwstore.com\/wp-content\/uploads\/2025\/03\/image8124TZmE4YW174340248405420312320250303062804.jpg 780w, https:\/\/awwwstore.com\/wp-content\/uploads\/2025\/03\/image8124TZmE4YW174340248405420312320250303062804.jpg 360w\" sizes=\"auto, (max-width: 480px) 150px\" src=\"https:\/\/awwwstore.com\/wp-content\/uploads\/2025\/03\/image8124TZmE4YW174340248405420312320250303062804.jpg\" alt=\"\" class=\"uag-image-644\" width=\"570\" height=\"450\" title=\"image8124TZmE4YW174340248405420312320250303062804\" loading=\"lazy\" role=\"img\"\/><\/figure><\/div>\n\n\n\n<div class=\"wp-block-uagb-info-box uagb-block-9d441a1d uagb-infobox__content-wrap  uagb-infobox-icon-above-title uagb-infobox-image-valign-top\"><div class=\"uagb-ifb-content\"><div class=\"uagb-ifb-title-wrap\"><span class=\"uagb-ifb-title-prefix\"><br><br>05<\/span><h2 class=\"uagb-ifb-title\"><strong><strong>Programme de soutien au lancement d'un magasin<\/strong><\/strong><\/h2><\/div><p class=\"uagb-ifb-desc\"><em>Pour les clients FCL qui s'engagent \u00e0 installer un magasin complet, nous fournissons des conseils professionnels :<\/em><br><br><br><strong>1. S\u00e9lection de l'emplacement<\/strong>: Conseils d'experts sur l'emplacement optimal des magasins<br><br><strong>2. Conception du magasin<\/strong>: Planification professionnelle de l'agencement et de la d\u00e9coration<br><br><strong>3. Solutions d'\u00e9tag\u00e8res<\/strong>: Syst\u00e8mes d'\u00e9tag\u00e8res \u00e0 un dollar personnalis\u00e9s<br><br><strong>4. Conception du VI<\/strong>: Paquets d'identit\u00e9 de marque (logos, mod\u00e8les de signalisation)<br><br><strong>5. La curation des produits<\/strong>: S\u00e9lection pilot\u00e9e par les donn\u00e9es d'articles localement populaires<br><br><strong>6. Strat\u00e9gie de marketing<\/strong>: Soutien \u00e0 la planification et \u00e0 l'ex\u00e9cution des activit\u00e9s promotionnelles hebdomadaires<br><br><\/p><\/div><\/div>\n<\/div>\n\n\n\n<div class=\"wp-block-uagb-container uagb-layout-grid uagb-block-5d7a8667\">\n<div class=\"wp-block-uagb-info-box uagb-block-f76df288 uagb-infobox__content-wrap  uagb-infobox-icon-above-title uagb-infobox-image-valign-top\"><div class=\"uagb-ifb-content\"><div class=\"uagb-ifb-title-wrap\"><span class=\"uagb-ifb-title-prefix\">06<\/span><h2 class=\"uagb-ifb-title\"><strong><strong>Coordonn\u00e9es<\/strong><\/strong><\/h2><\/div><p class=\"uagb-ifb-desc\">Bienvenue sur notre site de coop\u00e9ration Whatsapp :<br> <br><strong>Zone hispanophone \uff1a+86 18957997313<br>Zone anglophone \uff1a+86 18957997119<br>Zone de langue chinoise\uff1a+86 18580775092<\/strong><br><br><\/p><\/div><\/div>\n\n\n\n<div class=\"wp-block-uagb-image uagb-block-7eaf14d6 wp-block-uagb-image--layout-default wp-block-uagb-image--effect-static wp-block-uagb-image--align-none\"><figure class=\"wp-block-uagb-image__figure\"><img decoding=\"async\" srcset=\"https:\/\/awwwstore.com\/wp-content\/uploads\/2025\/03\/image831922TZmE4YW174167893040512346420250303074210.jpg ,https:\/\/awwwstore.com\/wp-content\/uploads\/2025\/03\/image831922TZmE4YW174167893040512346420250303074210.jpg 780w, https:\/\/awwwstore.com\/wp-content\/uploads\/2025\/03\/image831922TZmE4YW174167893040512346420250303074210.jpg 360w\" sizes=\"auto, (max-width: 480px) 150px\" src=\"https:\/\/awwwstore.com\/wp-content\/uploads\/2025\/03\/image831922TZmE4YW174167893040512346420250303074210.jpg\" alt=\"\" class=\"uag-image-488\" width=\"570\" height=\"450\" title=\"image831922TZmE4YW174167893040512346420250303074210\" loading=\"lazy\" role=\"img\"\/><\/figure><\/div>\n<\/div>\n<\/div><\/div>\n\n\n\n<div class=\"wp-block-uagb-container uagb-block-283d2971 alignfull uagb-is-root-container\"><div class=\"uagb-container-inner-blocks-wrap\">\n<div class=\"wp-block-uagb-info-box uagb-block-82d1d57c uagb-infobox__content-wrap  uagb-infobox-icon-above-title uagb-infobox-image-valign-top\"><div class=\"uagb-ifb-content\"><div class=\"uagb-ifb-title-wrap\"><h2 class=\"uagb-ifb-title\">Commencez d\u00e8s aujourd'hui votre voyage vers la r\u00e9ussite commerciale !<\/h2><\/div><p class=\"uagb-ifb-desc\">Rejoignez les rangs des entrepreneurs qui r\u00e9ussissent gr\u00e2ce au soutien et aux ressources in\u00e9gal\u00e9s d'AwwwStore.<\/p><div class=\"uagb-ifb-button-wrapper wp-block-button\"><a href=\"\/fr\/contact\/\" class=\"uagb-infobox-cta-link wp-block-button__link\" target=\"_self\" rel=\"noopener noreferrer\" onclick=\"return true;\"><span class=\"uagb-inline-editing\">Commencer<\/span><\/a><\/div><\/div><\/div>\n<\/div><\/div>\n\n\n\n<p><\/p>","protected":false},"excerpt":{"rendered":"<p>Dollar store cooperation process 1 Product wholesale model 2 Store cooperation model Service Module Privileges Factory Livestreams Weekly tours of [&hellip;]<\/p>","protected":false},"author":1,"featured_media":0,"parent":0,"menu_order":0,"comment_status":"closed","ping_status":"closed","template":"","meta":{"_uag_custom_page_level_css":"","site-sidebar-layout":"default","site-content-layout":"","ast-site-content-layout":"default","site-content-style":"default","site-sidebar-style":"default","ast-global-header-display":"","ast-banner-title-visibility":"","ast-main-header-display":"","ast-hfb-above-header-display":"","ast-hfb-below-header-display":"","ast-hfb-mobile-header-display":"","site-post-title":"disabled","ast-breadcrumbs-content":"","ast-featured-img":"","footer-sml-layout":"","ast-disable-related-posts":"","theme-transparent-header-meta":"","adv-header-id-meta":"","stick-header-meta":"","header-above-stick-meta":"","header-main-stick-meta":"","header-below-stick-meta":"","astra-migrate-meta-layouts":"default","ast-page-background-enabled":"default","ast-page-background-meta":{"desktop":{"background-color":"var(--ast-global-color-4)","background-image":"","background-repeat":"repeat","background-position":"center center","background-size":"auto","background-attachment":"scroll","background-type":"","background-media":"","overlay-type":"","overlay-color":"","overlay-opacity":"","overlay-gradient":""},"tablet":{"background-color":"","background-image":"","background-repeat":"repeat","background-position":"center center","background-size":"auto","background-attachment":"scroll","background-type":"","background-media":"","overlay-type":"","overlay-color":"","overlay-opacity":"","overlay-gradient":""},"mobile":{"background-color":"","background-image":"","background-repeat":"repeat","background-position":"center center","background-size":"auto","background-attachment":"scroll","background-type":"","background-media":"","overlay-type":"","overlay-color":"","overlay-opacity":"","overlay-gradient":""}},"ast-content-background-meta":{"desktop":{"background-color":"var(--ast-global-color-5)","background-image":"","background-repeat":"repeat","background-position":"center center","background-size":"auto","background-attachment":"scroll","background-type":"","background-media":"","overlay-type":"","overlay-color":"","overlay-opacity":"","overlay-gradient":""},"tablet":{"background-color":"var(--ast-global-color-5)","background-image":"","background-repeat":"repeat","background-position":"center center","background-size":"auto","background-attachment":"scroll","background-type":"","background-media":"","overlay-type":"","overlay-color":"","overlay-opacity":"","overlay-gradient":""},"mobile":{"background-color":"var(--ast-global-color-5)","background-image":"","background-repeat":"repeat","background-position":"center center","background-size":"auto","background-attachment":"scroll","background-type":"","background-media":"","overlay-type":"","overlay-color":"","overlay-opacity":"","overlay-gradient":""}},"footnotes":""},"class_list":["post-659","page","type-page","status-publish","hentry"],"_hostinger_reach_plugin_has_subscription_block":false,"_hostinger_reach_plugin_is_elementor":false,"uagb_featured_image_src":{"full":false,"thumbnail":false,"medium":false,"medium_large":false,"large":false,"1536x1536":false,"2048x2048":false,"trp-custom-language-flag":false},"uagb_author_info":{"display_name":"awwwstore","author_link":"https:\/\/awwwstore.com\/fr\/author\/baiduboygmail-com\/"},"uagb_comment_info":0,"uagb_excerpt":"Dollar store cooperation process 1 Product wholesale model 2 Store cooperation model Service Module Privileges Factory Livestreams Weekly tours of [&hellip;]","_links":{"self":[{"href":"https:\/\/awwwstore.com\/fr\/wp-json\/wp\/v2\/pages\/659","targetHints":{"allow":["GET"]}}],"collection":[{"href":"https:\/\/awwwstore.com\/fr\/wp-json\/wp\/v2\/pages"}],"about":[{"href":"https:\/\/awwwstore.com\/fr\/wp-json\/wp\/v2\/types\/page"}],"author":[{"embeddable":true,"href":"https:\/\/awwwstore.com\/fr\/wp-json\/wp\/v2\/users\/1"}],"replies":[{"embeddable":true,"href":"https:\/\/awwwstore.com\/fr\/wp-json\/wp\/v2\/comments?post=659"}],"version-history":[{"count":32,"href":"https:\/\/awwwstore.com\/fr\/wp-json\/wp\/v2\/pages\/659\/revisions"}],"predecessor-version":[{"id":1022,"href":"https:\/\/awwwstore.com\/fr\/wp-json\/wp\/v2\/pages\/659\/revisions\/1022"}],"wp:attachment":[{"href":"https:\/\/awwwstore.com\/fr\/wp-json\/wp\/v2\/media?parent=659"}],"curies":[{"name":"wp","href":"https:\/\/api.w.org\/{rel}","templated":true}]}}