{"id":659,"date":"2025-04-03T10:45:04","date_gmt":"2025-04-03T02:45:04","guid":{"rendered":"https:\/\/awwwstore.com\/?page_id=659"},"modified":"2025-11-06T11:31:39","modified_gmt":"2025-11-06T03:31:39","slug":"how-to-work","status":"publish","type":"page","link":"https:\/\/awwwstore.com\/pt\/how-to-work\/","title":{"rendered":"Como trabalhar"},"content":{"rendered":"<div class=\"wp-block-uagb-container uagb-layout-grid uagb-block-861c71f8 alignfull uagb-is-root-container\"><div class=\"uagb-container-inner-blocks-wrap\">\n<div class=\"wp-block-uagb-advanced-heading uagb-block-269a3267\"><h1 class=\"uagb-heading-text\">Processo de coopera\u00e7\u00e3o com lojas de d\u00f3lar<\/h1><\/div>\n\n\n\n<figure class=\"wp-block-embed is-type-video is-provider-youtube wp-block-embed-youtube wp-embed-aspect-16-9 wp-has-aspect-ratio\"><div class=\"wp-block-embed__wrapper\">\n<iframe loading=\"lazy\" title=\"Processo completo da One Dollar Store!\" width=\"500\" height=\"281\" src=\"https:\/\/www.youtube.com\/embed\/KFt45BNM0p8?feature=oembed\" frameborder=\"0\" allow=\"accelerometer; autoplay; clipboard-write; encrypted-media; gyroscope; picture-in-picture; web-share\" referrerpolicy=\"strict-origin-when-cross-origin\" allowfullscreen><\/iframe>\n<\/div><\/figure>\n<\/div><\/div>\n\n\n\n<div class=\"wp-block-uagb-container uagb-block-65ce5899 alignfull uagb-is-root-container\"><div class=\"uagb-container-inner-blocks-wrap\">\n<div class=\"wp-block-uagb-container uagb-block-1615a228\">\n<div class=\"wp-block-uagb-advanced-heading uagb-block-891dbea5\"><h2 class=\"uagb-heading-text\"><mark style=\"background-color:rgba(0, 0, 0, 0)\" class=\"has-inline-color has-ast-global-color-1-color\">1 Modelo de produto no atacado<\/mark><\/h2><\/div>\n\n\n\n<div class=\"wp-block-uagb-icon-list uagb-block-09c717f4\"><div class=\"uagb-icon-list__wrap\">\n<div class=\"wp-block-uagb-icon-list-child uagb-block-c445770d\"><span class=\"uagb-icon-list__source-wrap\"><svg xmlns=\"https:\/\/www.w3.org\/2000\/svg\" viewbox=\"0 0 512 512\"><path d=\"M256 0C114.6 0 0 114.6 0 256c0 141.4 114.6 256 256 256s256-114.6 256-256C512 114.6 397.4 0 256 0zM406.6 278.6l-103.1 103.1c-12.5 12.5-32.75 12.5-45.25 0s-12.5-32.75 0-45.25L306.8 288H128C110.3 288 96 273.7 96 256s14.31-32 32-32h178.8l-49.38-49.38c-12.5-12.5-12.5-32.75 0-45.25s32.75-12.5 45.25 0l103.1 103.1C414.6 241.3 416 251.1 416 256C416 260.9 414.6 270.7 406.6 278.6z\"><\/path><\/svg><\/span><span class=\"uagb-icon-list__label\">MOQ\uff1aMontante da compra de <strong>US$2,000<\/strong><\/span><\/div>\n\n\n\n<div class=\"wp-block-uagb-icon-list-child uagb-block-2524b232\"><span class=\"uagb-icon-list__source-wrap\"><svg xmlns=\"https:\/\/www.w3.org\/2000\/svg\" viewbox=\"0 0 512 512\"><path d=\"M256 0C114.6 0 0 114.6 0 256c0 141.4 114.6 256 256 256s256-114.6 256-256C512 114.6 397.4 0 256 0zM406.6 278.6l-103.1 103.1c-12.5 12.5-32.75 12.5-45.25 0s-12.5-32.75 0-45.25L306.8 288H128C110.3 288 96 273.7 96 256s14.31-32 32-32h178.8l-49.38-49.38c-12.5-12.5-12.5-32.75 0-45.25s32.75-12.5 45.25 0l103.1 103.1C414.6 241.3 416 251.1 416 256C416 260.9 414.6 270.7 406.6 278.6z\"><\/path><\/svg><\/span><span class=\"uagb-icon-list__label\">Log\u00edstica\uff1aApoio ao transporte global<\/span><\/div>\n\n\n\n<div class=\"wp-block-uagb-icon-list-child uagb-block-a1ffee0c\"><span class=\"uagb-icon-list__source-wrap\"><svg xmlns=\"https:\/\/www.w3.org\/2000\/svg\" viewbox=\"0 0 512 512\"><path d=\"M256 0C114.6 0 0 114.6 0 256c0 141.4 114.6 256 256 256s256-114.6 256-256C512 114.6 397.4 0 256 0zM406.6 278.6l-103.1 103.1c-12.5 12.5-32.75 12.5-45.25 0s-12.5-32.75 0-45.25L306.8 288H128C110.3 288 96 273.7 96 256s14.31-32 32-32h178.8l-49.38-49.38c-12.5-12.5-12.5-32.75 0-45.25s32.75-12.5 45.25 0l103.1 103.1C414.6 241.3 416 251.1 416 256C416 260.9 414.6 270.7 406.6 278.6z\"><\/path><\/svg><\/span><span class=\"uagb-icon-list__label\">Pagamento: dep\u00f3sito de 100 USD<\/span><\/div>\n<\/div><\/div>\n<\/div>\n\n\n\n<div class=\"wp-block-uagb-container uagb-block-372a0c56\">\n<div class=\"wp-block-uagb-advanced-heading uagb-block-e14f557a\"><h2 class=\"uagb-heading-text\"><mark style=\"background-color:rgba(0, 0, 0, 0)\" class=\"has-inline-color has-ast-global-color-1-color\">2 Modelo de coopera\u00e7\u00e3o entre lojas<\/mark><\/h2><\/div>\n\n\n\n<div class=\"wp-block-uagb-icon-list uagb-block-a1242669\"><div class=\"uagb-icon-list__wrap\">\n<div class=\"wp-block-uagb-icon-list-child uagb-block-bb4aa3b8\"><span class=\"uagb-icon-list__source-wrap\"><svg xmlns=\"https:\/\/www.w3.org\/2000\/svg\" viewbox=\"0 0 512 512\"><path d=\"M256 0C114.6 0 0 114.6 0 256c0 141.4 114.6 256 256 256s256-114.6 256-256C512 114.6 397.4 0 256 0zM406.6 278.6l-103.1 103.1c-12.5 12.5-32.75 12.5-45.25 0s-12.5-32.75 0-45.25L306.8 288H128C110.3 288 96 273.7 96 256s14.31-32 32-32h178.8l-49.38-49.38c-12.5-12.5-12.5-32.75 0-45.25s32.75-12.5 45.25 0l103.1 103.1C414.6 241.3 416 251.1 416 256C416 260.9 414.6 270.7 406.6 278.6z\"><\/path><\/svg><\/span><span class=\"uagb-icon-list__label\">MOQ\uff1aQuantidade de compra para<strong> Um cont\u00eainer<\/strong><\/span><\/div>\n\n\n\n<div class=\"wp-block-uagb-icon-list-child uagb-block-c780c365\"><span class=\"uagb-icon-list__source-wrap\"><svg xmlns=\"https:\/\/www.w3.org\/2000\/svg\" viewbox=\"0 0 512 512\"><path d=\"M256 0C114.6 0 0 114.6 0 256c0 141.4 114.6 256 256 256s256-114.6 256-256C512 114.6 397.4 0 256 0zM406.6 278.6l-103.1 103.1c-12.5 12.5-32.75 12.5-45.25 0s-12.5-32.75 0-45.25L306.8 288H128C110.3 288 96 273.7 96 256s14.31-32 32-32h178.8l-49.38-49.38c-12.5-12.5-12.5-32.75 0-45.25s32.75-12.5 45.25 0l103.1 103.1C414.6 241.3 416 251.1 416 256C416 260.9 414.6 270.7 406.6 278.6z\"><\/path><\/svg><\/span><span class=\"uagb-icon-list__label\">Log\u00edstica\uff1aApoio ao transporte global<\/span><\/div>\n\n\n\n<div class=\"wp-block-uagb-icon-list-child uagb-block-aa7debce\"><span class=\"uagb-icon-list__source-wrap\"><svg xmlns=\"https:\/\/www.w3.org\/2000\/svg\" viewbox=\"0 0 512 512\"><path d=\"M256 0C114.6 0 0 114.6 0 256c0 141.4 114.6 256 256 256s256-114.6 256-256C512 114.6 397.4 0 256 0zM406.6 278.6l-103.1 103.1c-12.5 12.5-32.75 12.5-45.25 0s-12.5-32.75 0-45.25L306.8 288H128C110.3 288 96 273.7 96 256s14.31-32 32-32h178.8l-49.38-49.38c-12.5-12.5-12.5-32.75 0-45.25s32.75-12.5 45.25 0l103.1 103.1C414.6 241.3 416 251.1 416 256C416 260.9 414.6 270.7 406.6 278.6z\"><\/path><\/svg><\/span><span class=\"uagb-icon-list__label\">Pagamento: dep\u00f3sito de US$ 500<\/span><\/div>\n<\/div><\/div>\n<\/div>\n<\/div><\/div>\n\n\n\n<div class=\"wp-block-uagb-container uagb-block-8af37a54 alignfull uagb-is-root-container\"><div class=\"uagb-container-inner-blocks-wrap\">\n<div class=\"wp-block-uagb-container uagb-layout-grid uagb-block-818f42b1\">\n<div class=\"wp-block-uagb-image uagb-block-9ae967e7 wp-block-uagb-image--layout-default wp-block-uagb-image--effect-static wp-block-uagb-image--align-none\"><figure class=\"wp-block-uagb-image__figure\"><img decoding=\"async\" srcset=\"https:\/\/awwwstore.com\/wp-content\/uploads\/2025\/03\/One-Dollar.jpg ,https:\/\/awwwstore.com\/wp-content\/uploads\/2025\/03\/One-Dollar.jpg 780w, https:\/\/awwwstore.com\/wp-content\/uploads\/2025\/03\/One-Dollar.jpg 360w\" sizes=\"auto, (max-width: 480px) 150px\" src=\"https:\/\/awwwstore.com\/wp-content\/uploads\/2025\/03\/One-Dollar.jpg\" alt=\"\" class=\"uag-image-491\" width=\"570\" height=\"450\" title=\"Um d\u00f3lar\" loading=\"lazy\" role=\"img\"\/><\/figure><\/div>\n\n\n\n<div class=\"wp-block-uagb-info-box uagb-block-3954de6a uagb-infobox__content-wrap  uagb-infobox-icon-above-title uagb-infobox-image-valign-top\"><div class=\"uagb-ifb-content\"><div class=\"uagb-ifb-title-wrap\"><span class=\"uagb-ifb-title-prefix\"><strong>01<\/strong><\/span><h2 class=\"uagb-ifb-title\"><strong>In\u00edcio r\u00e1pido: Domine a estrutura em 5 minutos<\/strong><\/h2><\/div><p class=\"uagb-ifb-desc\">Sele\u00e7\u00e3o de produtos no site oficial \u2192 Ativa\u00e7\u00e3o de conta \u2192 Suporte \u00e0 comunidade \u2192 Execu\u00e7\u00e3o de compras \u2192 Assist\u00eancia no lan\u00e7amento da loja<br><br><em>Processo totalmente digitalizado, in\u00edcio da aquisi\u00e7\u00e3o internacional em 72 horas<\/em><\/p><\/div><\/div>\n<\/div>\n\n\n\n<div class=\"wp-block-uagb-container uagb-layout-grid uagb-block-caf64204\">\n<div class=\"wp-block-uagb-info-box uagb-block-967b25d2 uagb-infobox__content-wrap  uagb-infobox-icon-above-title uagb-infobox-image-valign-top\"><div class=\"uagb-ifb-content\"><div class=\"uagb-ifb-title-wrap\"><span class=\"uagb-ifb-title-prefix\"><br><br>02<\/span><h2 class=\"uagb-ifb-title\"><strong>Guia passo a passo<\/strong><\/h2><\/div><p class=\"uagb-ifb-desc\"><strong>1. Sistema de cat\u00e1logo de produtos<\/strong><br><br><strong>Entrada de acesso<\/strong>: - \u00c1rea de trabalho: Visite <a href=\"https:\/\/awwwstore.com\/pt\/\">www.awwwstore.com<\/a> \u2192 Clique no bot\u00e3o <strong>[<a href=\"https:\/\/onedollar.awwwbuy.com\/#\/home\"><mark style=\"background-color:rgba(0, 0, 0, 0)\" class=\"has-inline-color has-ast-global-color-1-color\">Cat\u00e1logo<\/mark><\/a>]<\/strong> na parte superior<br><br><strong>Principais recursos<\/strong>\u2705 V\u00e1rios idiomas (espanhol\/ingl\u00eas\/\u00e1rabe) \u2705 Filtros inteligentes (por categoria\/peso\/popularidade)<br><br><strong>Atualiza\u00e7\u00f5es de dados<\/strong>: Centenas de novos produtos adicionados diariamente<br><br><strong>2. Mecanismo de precifica\u00e7\u00e3o<\/strong><br><br><strong>Pre\u00e7o do produto<\/strong>: - Todos os itens com pre\u00e7os entre <strong>$0.2-$0.4\/piece<\/strong> (pre\u00e7os detalhados vis\u00edveis ap\u00f3s a ativa\u00e7\u00e3o da conta)<br><br><strong>Pre\u00e7os escalonados<\/strong>: <br><strong>Pedido m\u00ednimo de atacado<\/strong> : $2,000+<br><br><strong>Clientes de carga completa de cont\u00eaineres (FCL)<\/strong>: Aproveite as tarifas com descontos exclusivos<br><br><strong>Para compras abaixo de $1.000:<\/strong><br>Recomenda-se ir diretamente para <a href=\"https:\/\/www.awwwbuy.com\/\"><mark style=\"background-color:rgba(0, 0, 0, 0)\" class=\"has-inline-color has-ast-global-color-1-color\">awwwbuy.com<\/mark><\/a> para fazer um pedido.<br><br><strong>3. Ativa\u00e7\u00e3o de conta corporativa<\/strong><br><br><strong>1. Registro<\/strong>: Entre em contato com o atendimento ao cliente para ativar<br><strong>2. Pagamento do dep\u00f3sito<\/strong>: - Pagar um <strong>$100 dep\u00f3sito reembols\u00e1vel<\/strong> (via PayPal\/transfer\u00eancia eletr\u00f4nica)<br><strong>3. m\u00e9todo de pagamento: <\/strong> <a href=\"https:\/\/www.awwwbuy.com\/en_US\/goods_info?keyword=917609571193&amp;platform=taobao\"><mark style=\"background-color:rgba(0, 0, 0, 0);color:#ff6900\" class=\"has-inline-color\">Link de pagamento de dep\u00f3sito de 100 USD\uff08Pagamento por clique\uff09<\/mark><\/a><br><br><\/p><\/div><\/div>\n\n\n\n<div class=\"wp-block-uagb-image uagb-block-422c118e wp-block-uagb-image--layout-default wp-block-uagb-image--effect-static wp-block-uagb-image--align-none\"><figure class=\"wp-block-uagb-image__figure\"><img decoding=\"async\" srcset=\"https:\/\/awwwstore.com\/wp-content\/uploads\/2025\/03\/image97880TZmE4YW174288274158836221420250303060541.jpg ,https:\/\/awwwstore.com\/wp-content\/uploads\/2025\/03\/image97880TZmE4YW174288274158836221420250303060541.jpg 780w, https:\/\/awwwstore.com\/wp-content\/uploads\/2025\/03\/image97880TZmE4YW174288274158836221420250303060541.jpg 360w\" sizes=\"auto, (max-width: 480px) 150px\" src=\"https:\/\/awwwstore.com\/wp-content\/uploads\/2025\/03\/image97880TZmE4YW174288274158836221420250303060541.jpg\" alt=\"\" class=\"uag-image-570\" width=\"570\" height=\"450\" title=\"image97880TZmE4YW174288274158836221420250303060541\" loading=\"lazy\" role=\"img\"\/><\/figure><\/div>\n<\/div>\n\n\n\n<div class=\"wp-block-uagb-container uagb-layout-grid uagb-block-57ffcd2c\">\n<div class=\"wp-block-uagb-image uagb-block-b16c0ec0 wp-block-uagb-image--layout-default wp-block-uagb-image--effect-static wp-block-uagb-image--align-none\"><figure class=\"wp-block-uagb-image__figure\"><img decoding=\"async\" srcset=\"https:\/\/awwwstore.com\/wp-content\/uploads\/2025\/03\/image643452TZmE4YW174244119688977895320250303032636-1.jpg ,https:\/\/awwwstore.com\/wp-content\/uploads\/2025\/03\/image643452TZmE4YW174244119688977895320250303032636-1.jpg 780w, https:\/\/awwwstore.com\/wp-content\/uploads\/2025\/03\/image643452TZmE4YW174244119688977895320250303032636-1.jpg 360w\" sizes=\"auto, (max-width: 480px) 150px\" src=\"https:\/\/awwwstore.com\/wp-content\/uploads\/2025\/03\/image643452TZmE4YW174244119688977895320250303032636-1.jpg\" alt=\"\" class=\"uag-image-558\" width=\"570\" height=\"450\" title=\"image643452TZmE4YW174244119688977895320250303032636\" loading=\"lazy\" role=\"img\"\/><\/figure><\/div>\n\n\n\n<div class=\"wp-block-uagb-info-box uagb-block-cc1b40c6 uagb-infobox__content-wrap  uagb-infobox-icon-above-title uagb-infobox-image-valign-top\"><div class=\"uagb-ifb-content\"><div class=\"uagb-ifb-title-wrap\"><span class=\"uagb-ifb-title-prefix\">03<\/span><h2 class=\"uagb-ifb-title\"><strong><strong>Capacita\u00e7\u00e3o da comunidade<\/strong><\/strong><\/h2><\/div><p class=\"uagb-ifb-desc\"><strong>Benef\u00edcios essenciais para a comunidade do WhatsApp<\/strong><br><br><strong>Como participar<\/strong>: Entre em contato com o gerente da sua conta para obter um link de convite<br><br><br><\/p><\/div><\/div>\n<\/div>\n\n\n\n<p><\/p>\n\n\n\n<figure class=\"wp-block-table alignfull\"><table class=\"has-fixed-layout\"><tbody><tr><td><strong>M\u00f3dulo de servi\u00e7o<\/strong><\/td><td><strong>Privil\u00e9gios<\/strong><\/td><\/tr><tr><td><strong>Transmiss\u00f5es ao vivo da f\u00e1brica<\/strong><\/td><td>Visitas semanais \u00e0 base de produ\u00e7\u00e3o de Yiwu (com inspe\u00e7\u00e3o de qualidade em tempo real)<\/td><\/tr><tr><td><strong>Cursos especializados<\/strong><\/td><td>Sess\u00f5es mensais de treinamento \"Como administrar uma loja de um d\u00f3lar<\/td><\/tr><tr><td><strong>Discuss\u00f5es di\u00e1rias<\/strong><\/td><td>Comunica\u00e7\u00e3o 24 horas por dia, 7 dias por semana, sobre as opera\u00e7\u00f5es da loja e as pr\u00e1ticas recomendadas<\/td><\/tr><\/tbody><\/table><\/figure>\n\n\n\n<div class=\"wp-block-uagb-container uagb-layout-grid uagb-block-f40a1112\">\n<div class=\"wp-block-uagb-info-box uagb-block-56eb3b14 uagb-infobox__content-wrap  uagb-infobox-icon-above-title uagb-infobox-image-valign-top\"><div class=\"uagb-ifb-content\"><div class=\"uagb-ifb-title-wrap\"><span class=\"uagb-ifb-title-prefix\">04<\/span><h2 class=\"uagb-ifb-title\"><strong><strong>Processo de aquisi\u00e7\u00e3o<\/strong><\/strong><\/h2><\/div><p class=\"uagb-ifb-desc\">1. <strong>Gerenciamento de carrinhos<\/strong>Selecione produtos on-line ou via <strong>compra assistida por v\u00eddeo<\/strong><br><br>2. <strong>Seguran\u00e7a de pagamento<\/strong>Transferir o pagamento para a conta da empresa depois de finalizar as sele\u00e7\u00f5es<br><br>3.<strong> Op\u00e7\u00f5es de log\u00edstica<\/strong>Use seu provedor de log\u00edstica preferido <strong>OU<\/strong> nossas operadoras globais parceiras<br><br><\/p><\/div><\/div>\n\n\n\n<div class=\"wp-block-uagb-image uagb-block-384a87e9 wp-block-uagb-image--layout-default wp-block-uagb-image--effect-static wp-block-uagb-image--align-none\"><figure class=\"wp-block-uagb-image__figure\"><img decoding=\"async\" srcset=\"https:\/\/awwwstore.com\/wp-content\/uploads\/2025\/03\/image451225TZmE4YW174304684489585527720250303034044.jpg ,https:\/\/awwwstore.com\/wp-content\/uploads\/2025\/03\/image451225TZmE4YW174304684489585527720250303034044.jpg 780w, https:\/\/awwwstore.com\/wp-content\/uploads\/2025\/03\/image451225TZmE4YW174304684489585527720250303034044.jpg 360w\" sizes=\"auto, (max-width: 480px) 150px\" src=\"https:\/\/awwwstore.com\/wp-content\/uploads\/2025\/03\/image451225TZmE4YW174304684489585527720250303034044.jpg\" alt=\"\" class=\"uag-image-595\" width=\"570\" height=\"450\" title=\"image451225TZmE4YW174304684489585527720250303034044\" loading=\"lazy\" role=\"img\"\/><\/figure><\/div>\n<\/div>\n\n\n\n<div class=\"wp-block-uagb-container uagb-layout-grid uagb-block-e50e8723\">\n<div class=\"wp-block-uagb-image uagb-block-5788e355 wp-block-uagb-image--layout-default wp-block-uagb-image--effect-static wp-block-uagb-image--align-none\"><figure class=\"wp-block-uagb-image__figure\"><img decoding=\"async\" srcset=\"https:\/\/awwwstore.com\/wp-content\/uploads\/2025\/03\/image8124TZmE4YW174340248405420312320250303062804.jpg ,https:\/\/awwwstore.com\/wp-content\/uploads\/2025\/03\/image8124TZmE4YW174340248405420312320250303062804.jpg 780w, https:\/\/awwwstore.com\/wp-content\/uploads\/2025\/03\/image8124TZmE4YW174340248405420312320250303062804.jpg 360w\" sizes=\"auto, (max-width: 480px) 150px\" src=\"https:\/\/awwwstore.com\/wp-content\/uploads\/2025\/03\/image8124TZmE4YW174340248405420312320250303062804.jpg\" alt=\"\" class=\"uag-image-644\" width=\"570\" height=\"450\" title=\"image8124TZmE4YW174340248405420312320250303062804\" loading=\"lazy\" role=\"img\"\/><\/figure><\/div>\n\n\n\n<div class=\"wp-block-uagb-info-box uagb-block-9d441a1d uagb-infobox__content-wrap  uagb-infobox-icon-above-title uagb-infobox-image-valign-top\"><div class=\"uagb-ifb-content\"><div class=\"uagb-ifb-title-wrap\"><span class=\"uagb-ifb-title-prefix\"><br><br>05<\/span><h2 class=\"uagb-ifb-title\"><strong><strong>Programa de suporte ao lan\u00e7amento de lojas<\/strong><\/strong><\/h2><\/div><p class=\"uagb-ifb-desc\"><em>Para os clientes FCL que se comprometem com a configura\u00e7\u00e3o de uma loja completa, oferecemos orienta\u00e7\u00e3o profissional:<\/em><br><br><br><strong>1. Sele\u00e7\u00e3o de local<\/strong>: Orienta\u00e7\u00e3o especializada sobre o posicionamento ideal da loja<br><br><strong>2. Design da loja<\/strong>: Planejamento profissional de layout e decora\u00e7\u00e3o<br><br><strong>3. Solu\u00e7\u00f5es em estantes<\/strong>: Sistemas personalizados de prateleiras de lojas de um d\u00f3lar<br><br><strong>4. Projeto VI<\/strong>: Pacotes de identidade de marca (logotipos, modelos de sinaliza\u00e7\u00e3o)<br><br><strong>5. Curadoria de produtos<\/strong>: Sele\u00e7\u00e3o orientada por dados de itens populares localmente<br><br><strong>6. Estrat\u00e9gia de marketing<\/strong>: Suporte semanal ao planejamento e execu\u00e7\u00e3o de atividades promocionais<br><br><\/p><\/div><\/div>\n<\/div>\n\n\n\n<div class=\"wp-block-uagb-container uagb-layout-grid uagb-block-5d7a8667\">\n<div class=\"wp-block-uagb-info-box uagb-block-f76df288 uagb-infobox__content-wrap  uagb-infobox-icon-above-title uagb-infobox-image-valign-top\"><div class=\"uagb-ifb-content\"><div class=\"uagb-ifb-title-wrap\"><span class=\"uagb-ifb-title-prefix\">06<\/span><h2 class=\"uagb-ifb-title\"><strong><strong>Detalhes de contato<\/strong><\/strong><\/h2><\/div><p class=\"uagb-ifb-desc\">Seja bem-vindo a adicionar nosso Whatsapp de coopera\u00e7\u00e3o:<br> <br><strong>\u00c1rea de l\u00edngua espanhola \uff1a+86 18957997313<br>\u00c1rea de l\u00edngua inglesa \uff1a+86 18957997119<br>\u00c1rea de l\u00edngua chinesa\uff1a+86 18580775092<\/strong><br><br><\/p><\/div><\/div>\n\n\n\n<div class=\"wp-block-uagb-image uagb-block-7eaf14d6 wp-block-uagb-image--layout-default wp-block-uagb-image--effect-static wp-block-uagb-image--align-none\"><figure class=\"wp-block-uagb-image__figure\"><img decoding=\"async\" srcset=\"https:\/\/awwwstore.com\/wp-content\/uploads\/2025\/03\/image831922TZmE4YW174167893040512346420250303074210.jpg ,https:\/\/awwwstore.com\/wp-content\/uploads\/2025\/03\/image831922TZmE4YW174167893040512346420250303074210.jpg 780w, https:\/\/awwwstore.com\/wp-content\/uploads\/2025\/03\/image831922TZmE4YW174167893040512346420250303074210.jpg 360w\" sizes=\"auto, (max-width: 480px) 150px\" src=\"https:\/\/awwwstore.com\/wp-content\/uploads\/2025\/03\/image831922TZmE4YW174167893040512346420250303074210.jpg\" alt=\"\" class=\"uag-image-488\" width=\"570\" height=\"450\" title=\"image831922TZmE4YW174167893040512346420250303074210\" loading=\"lazy\" role=\"img\"\/><\/figure><\/div>\n<\/div>\n<\/div><\/div>\n\n\n\n<div class=\"wp-block-uagb-container uagb-block-283d2971 alignfull uagb-is-root-container\"><div class=\"uagb-container-inner-blocks-wrap\">\n<div class=\"wp-block-uagb-info-box uagb-block-82d1d57c uagb-infobox__content-wrap  uagb-infobox-icon-above-title uagb-infobox-image-valign-top\"><div class=\"uagb-ifb-content\"><div class=\"uagb-ifb-title-wrap\"><h2 class=\"uagb-ifb-title\">Comece sua jornada para o sucesso nos neg\u00f3cios hoje mesmo!<\/h2><\/div><p class=\"uagb-ifb-desc\">Junte-se ao grupo de empreendedores bem-sucedidos com o suporte e os recursos inigual\u00e1veis da AwwwStore.<\/p><div class=\"uagb-ifb-button-wrapper wp-block-button\"><a href=\"\/pt\/contact\/\" class=\"uagb-infobox-cta-link wp-block-button__link\" target=\"_self\" rel=\"noopener noreferrer\" onclick=\"return true;\"><span class=\"uagb-inline-editing\">Come\u00e7ar a usar<\/span><\/a><\/div><\/div><\/div>\n<\/div><\/div>\n\n\n\n<p><\/p>","protected":false},"excerpt":{"rendered":"<p>Dollar store cooperation process 1 Product wholesale model 2 Store cooperation model Service Module Privileges Factory Livestreams Weekly tours of [&hellip;]<\/p>","protected":false},"author":1,"featured_media":0,"parent":0,"menu_order":0,"comment_status":"closed","ping_status":"closed","template":"","meta":{"_uag_custom_page_level_css":"","site-sidebar-layout":"default","site-content-layout":"","ast-site-content-layout":"default","site-content-style":"default","site-sidebar-style":"default","ast-global-header-display":"","ast-banner-title-visibility":"","ast-main-header-display":"","ast-hfb-above-header-display":"","ast-hfb-below-header-display":"","ast-hfb-mobile-header-display":"","site-post-title":"disabled","ast-breadcrumbs-content":"","ast-featured-img":"","footer-sml-layout":"","ast-disable-related-posts":"","theme-transparent-header-meta":"","adv-header-id-meta":"","stick-header-meta":"","header-above-stick-meta":"","header-main-stick-meta":"","header-below-stick-meta":"","astra-migrate-meta-layouts":"default","ast-page-background-enabled":"default","ast-page-background-meta":{"desktop":{"background-color":"var(--ast-global-color-4)","background-image":"","background-repeat":"repeat","background-position":"center center","background-size":"auto","background-attachment":"scroll","background-type":"","background-media":"","overlay-type":"","overlay-color":"","overlay-opacity":"","overlay-gradient":""},"tablet":{"background-color":"","background-image":"","background-repeat":"repeat","background-position":"center center","background-size":"auto","background-attachment":"scroll","background-type":"","background-media":"","overlay-type":"","overlay-color":"","overlay-opacity":"","overlay-gradient":""},"mobile":{"background-color":"","background-image":"","background-repeat":"repeat","background-position":"center center","background-size":"auto","background-attachment":"scroll","background-type":"","background-media":"","overlay-type":"","overlay-color":"","overlay-opacity":"","overlay-gradient":""}},"ast-content-background-meta":{"desktop":{"background-color":"var(--ast-global-color-5)","background-image":"","background-repeat":"repeat","background-position":"center center","background-size":"auto","background-attachment":"scroll","background-type":"","background-media":"","overlay-type":"","overlay-color":"","overlay-opacity":"","overlay-gradient":""},"tablet":{"background-color":"var(--ast-global-color-5)","background-image":"","background-repeat":"repeat","background-position":"center center","background-size":"auto","background-attachment":"scroll","background-type":"","background-media":"","overlay-type":"","overlay-color":"","overlay-opacity":"","overlay-gradient":""},"mobile":{"background-color":"var(--ast-global-color-5)","background-image":"","background-repeat":"repeat","background-position":"center center","background-size":"auto","background-attachment":"scroll","background-type":"","background-media":"","overlay-type":"","overlay-color":"","overlay-opacity":"","overlay-gradient":""}},"footnotes":""},"class_list":["post-659","page","type-page","status-publish","hentry"],"_hostinger_reach_plugin_has_subscription_block":false,"_hostinger_reach_plugin_is_elementor":false,"uagb_featured_image_src":{"full":false,"thumbnail":false,"medium":false,"medium_large":false,"large":false,"1536x1536":false,"2048x2048":false,"trp-custom-language-flag":false},"uagb_author_info":{"display_name":"awwwstore","author_link":"https:\/\/awwwstore.com\/pt\/author\/baiduboygmail-com\/"},"uagb_comment_info":0,"uagb_excerpt":"Dollar store cooperation process 1 Product wholesale model 2 Store cooperation model Service Module Privileges Factory Livestreams Weekly tours of [&hellip;]","_links":{"self":[{"href":"https:\/\/awwwstore.com\/pt\/wp-json\/wp\/v2\/pages\/659","targetHints":{"allow":["GET"]}}],"collection":[{"href":"https:\/\/awwwstore.com\/pt\/wp-json\/wp\/v2\/pages"}],"about":[{"href":"https:\/\/awwwstore.com\/pt\/wp-json\/wp\/v2\/types\/page"}],"author":[{"embeddable":true,"href":"https:\/\/awwwstore.com\/pt\/wp-json\/wp\/v2\/users\/1"}],"replies":[{"embeddable":true,"href":"https:\/\/awwwstore.com\/pt\/wp-json\/wp\/v2\/comments?post=659"}],"version-history":[{"count":32,"href":"https:\/\/awwwstore.com\/pt\/wp-json\/wp\/v2\/pages\/659\/revisions"}],"predecessor-version":[{"id":1022,"href":"https:\/\/awwwstore.com\/pt\/wp-json\/wp\/v2\/pages\/659\/revisions\/1022"}],"wp:attachment":[{"href":"https:\/\/awwwstore.com\/pt\/wp-json\/wp\/v2\/media?parent=659"}],"curies":[{"name":"wp","href":"https:\/\/api.w.org\/{rel}","templated":true}]}}